{"id":80,"date":"2015-07-25T13:44:38","date_gmt":"2015-07-25T12:44:38","guid":{"rendered":"http:\/\/chambresencorse.com\/?page_id=80"},"modified":"2023-04-08T15:00:01","modified_gmt":"2023-04-08T14:00:01","slug":"la-maison","status":"publish","type":"page","link":"https:\/\/chambresencorse.com\/en\/la-maison\/","title":{"rendered":"The House"},"content":{"rendered":"<div class=\"tiled-gallery type-rectangular tiled-gallery-unresized\" data-original-width=\"840\" data-carousel-extra='null' itemscope itemtype=\"http:\/\/schema.org\/ImageGallery\" > <div class=\"gallery-row\" style=\"width: 840px; height: 387px;\" data-original-width=\"840\" data-original-height=\"387\" > <div class=\"gallery-group images-1\" style=\"width: 292px; height: 387px;\" data-original-width=\"292\" data-original-height=\"387\" > <div class=\"tiled-gallery-item tiled-gallery-item-large\" itemprop=\"associatedMedia\" itemscope itemtype=\"http:\/\/schema.org\/ImageObject\"> <a href=\"https:\/\/chambresencorse.com\/en\/la-maison\/olympus-digital-camera-14\/\" border=\"0\" itemprop=\"url\"> <meta itemprop=\"width\" content=\"288\"> <meta itemprop=\"height\" content=\"383\"> <img data-attachment-id=\"87\" data-orig-file=\"https:\/\/chambresencorse.com\/wp-content\/uploads\/2015\/07\/portail.jpg\" data-orig-size=\"600,800\" data-comments-opened=\"1\" data-image-meta=\"{&quot;aperture&quot;:&quot;3.1&quot;,&quot;credit&quot;:&quot;&quot;,&quot;camera&quot;:&quot;X500,D590Z,C470Z&quot;,&quot;caption&quot;:&quot;OLYMPUS DIGITAL CAMERA&quot;,&quot;created_timestamp&quot;:&quot;1217322316&quot;,&quot;copyright&quot;:&quot;&quot;,&quot;focal_length&quot;:&quot;5.8&quot;,&quot;iso&quot;:&quot;64&quot;,&quot;shutter_speed&quot;:&quot;0.00625&quot;,&quot;title&quot;:&quot;OLYMPUS DIGITAL CAMERA&quot;,&quot;orientation&quot;:&quot;0&quot;}\" data-image-title=\"la maison\" data-image-description=\"\" data-medium-file=\"https:\/\/i2.wp.com\/chambresencorse.com\/wp-content\/uploads\/2015\/07\/portail.jpg?fit=225%2C300&#038;ssl=1\" data-large-file=\"https:\/\/i2.wp.com\/chambresencorse.com\/wp-content\/uploads\/2015\/07\/portail.jpg?fit=600%2C800&#038;ssl=1\" src=\"https:\/\/i2.wp.com\/chambresencorse.com\/wp-content\/uploads\/2015\/07\/portail.jpg?w=288&#038;h=383&#038;ssl=1\" width=\"288\" height=\"383\" data-original-width=\"288\" data-original-height=\"383\" itemprop=\"http:\/\/schema.org\/image\" title=\"la maison\" alt=\"Le portail d&#039;entr\u00e9e de la maison\" style=\"width: 288px; height: 383px;\" \/> <\/a> <div class=\"tiled-gallery-caption\" itemprop=\"caption description\"> Le portail d&#8217;entr\u00e9e de la maison <\/div> <\/div> <\/div> <!-- close group --> <div class=\"gallery-group images-2\" style=\"width: 257px; height: 387px;\" data-original-width=\"257\" data-original-height=\"387\" > <div class=\"tiled-gallery-item tiled-gallery-item-large\" itemprop=\"associatedMedia\" itemscope itemtype=\"http:\/\/schema.org\/ImageObject\"> <a href=\"https:\/\/chambresencorse.com\/en\/20230130_100020\/\" border=\"0\" itemprop=\"url\"> <meta itemprop=\"width\" content=\"253\"> <meta itemprop=\"height\" content=\"190\"> <img data-attachment-id=\"452\" data-orig-file=\"https:\/\/chambresencorse.com\/wp-content\/uploads\/2023\/04\/20230130_100020-scaled-e1680961966137.jpg\" data-orig-size=\"800,600\" data-comments-opened=\"1\" data-image-meta=\"{&quot;aperture&quot;:&quot;1.7&quot;,&quot;credit&quot;:&quot;&quot;,&quot;camera&quot;:&quot;SM-A405FN&quot;,&quot;caption&quot;:&quot;&quot;,&quot;created_timestamp&quot;:&quot;1675072819&quot;,&quot;copyright&quot;:&quot;&quot;,&quot;focal_length&quot;:&quot;3.92&quot;,&quot;iso&quot;:&quot;40&quot;,&quot;shutter_speed&quot;:&quot;0.00076923076923077&quot;,&quot;title&quot;:&quot;&quot;,&quot;orientation&quot;:&quot;1&quot;}\" data-image-title=\"20230130_100020\" data-image-description=\"\" data-medium-file=\"https:\/\/i1.wp.com\/chambresencorse.com\/wp-content\/uploads\/2023\/04\/20230130_100020-scaled-e1680961966137.jpg?fit=300%2C225&#038;ssl=1\" data-large-file=\"https:\/\/i1.wp.com\/chambresencorse.com\/wp-content\/uploads\/2023\/04\/20230130_100020-scaled-e1680961966137.jpg?fit=840%2C630&#038;ssl=1\" src=\"https:\/\/i1.wp.com\/chambresencorse.com\/wp-content\/uploads\/2023\/04\/20230130_100020-scaled-e1680961966137.jpg?w=253&#038;h=190&#038;ssl=1\" width=\"253\" height=\"190\" data-original-width=\"253\" data-original-height=\"190\" itemprop=\"http:\/\/schema.org\/image\" title=\"20230130_100020\" alt=\"Maison d&#039;h\u00f4tes Cicendolle\" style=\"width: 253px; height: 190px;\" \/> <\/a> <div class=\"tiled-gallery-caption\" itemprop=\"caption description\"> Maison d&#8217;h\u00f4tes Cicendolle <\/div> <\/div> <div class=\"tiled-gallery-item tiled-gallery-item-large\" itemprop=\"associatedMedia\" itemscope itemtype=\"http:\/\/schema.org\/ImageObject\"> <a href=\"https:\/\/chambresencorse.com\/en\/img_2139\/\" border=\"0\" itemprop=\"url\"> <meta itemprop=\"width\" content=\"253\"> <meta itemprop=\"height\" content=\"189\"> <img data-attachment-id=\"460\" data-orig-file=\"https:\/\/chambresencorse.com\/wp-content\/uploads\/2023\/04\/IMG_2139-scaled-e1680961933686.jpg\" data-orig-size=\"800,600\" data-comments-opened=\"1\" data-image-meta=\"{&quot;aperture&quot;:&quot;1.8&quot;,&quot;credit&quot;:&quot;&quot;,&quot;camera&quot;:&quot;iPhone 8&quot;,&quot;caption&quot;:&quot;&quot;,&quot;created_timestamp&quot;:&quot;1675519618&quot;,&quot;copyright&quot;:&quot;&quot;,&quot;focal_length&quot;:&quot;3.99&quot;,&quot;iso&quot;:&quot;20&quot;,&quot;shutter_speed&quot;:&quot;0.00078186082877248&quot;,&quot;title&quot;:&quot;&quot;,&quot;orientation&quot;:&quot;1&quot;}\" data-image-title=\"IMG_2139\" data-image-description=\"\" data-medium-file=\"https:\/\/i1.wp.com\/chambresencorse.com\/wp-content\/uploads\/2023\/04\/IMG_2139-scaled-e1680961933686.jpg?fit=300%2C225&#038;ssl=1\" data-large-file=\"https:\/\/i1.wp.com\/chambresencorse.com\/wp-content\/uploads\/2023\/04\/IMG_2139-scaled-e1680961933686.jpg?fit=840%2C630&#038;ssl=1\" src=\"https:\/\/i1.wp.com\/chambresencorse.com\/wp-content\/uploads\/2023\/04\/IMG_2139-scaled-e1680961933686.jpg?w=253&#038;h=189&#038;ssl=1\" width=\"253\" height=\"189\" data-original-width=\"253\" data-original-height=\"189\" itemprop=\"http:\/\/schema.org\/image\" title=\"IMG_2139\" alt=\"la terrasse\" style=\"width: 253px; height: 189px;\" \/> <\/a> <div class=\"tiled-gallery-caption\" itemprop=\"caption description\"> la terrasse <\/div> <\/div> <\/div> <!-- close group --> <div class=\"gallery-group images-1\" style=\"width: 291px; height: 387px;\" data-original-width=\"291\" data-original-height=\"387\" > <div class=\"tiled-gallery-item tiled-gallery-item-large\" itemprop=\"associatedMedia\" itemscope itemtype=\"http:\/\/schema.org\/ImageObject\"> <a href=\"https:\/\/chambresencorse.com\/en\/la-maison\/olympus-digital-camera-16\/\" border=\"0\" itemprop=\"url\"> <meta itemprop=\"width\" content=\"287\"> <meta itemprop=\"height\" content=\"383\"> <img data-attachment-id=\"89\" data-orig-file=\"https:\/\/chambresencorse.com\/wp-content\/uploads\/2015\/07\/terrasse600x800.jpg\" data-orig-size=\"600,800\" data-comments-opened=\"1\" data-image-meta=\"{&quot;aperture&quot;:&quot;3.1&quot;,&quot;credit&quot;:&quot;&quot;,&quot;camera&quot;:&quot;X500,D590Z,C470Z&quot;,&quot;caption&quot;:&quot;OLYMPUS DIGITAL CAMERA&quot;,&quot;created_timestamp&quot;:&quot;1217357881&quot;,&quot;copyright&quot;:&quot;&quot;,&quot;focal_length&quot;:&quot;5.8&quot;,&quot;iso&quot;:&quot;64&quot;,&quot;shutter_speed&quot;:&quot;0.003125&quot;,&quot;title&quot;:&quot;OLYMPUS DIGITAL CAMERA&quot;,&quot;orientation&quot;:&quot;0&quot;}\" data-image-title=\"OLYMPUS DIGITAL CAMERA\" data-image-description=\"\" data-medium-file=\"https:\/\/i1.wp.com\/chambresencorse.com\/wp-content\/uploads\/2015\/07\/terrasse600x800.jpg?fit=225%2C300&#038;ssl=1\" data-large-file=\"https:\/\/i1.wp.com\/chambresencorse.com\/wp-content\/uploads\/2015\/07\/terrasse600x800.jpg?fit=600%2C800&#038;ssl=1\" src=\"https:\/\/i1.wp.com\/chambresencorse.com\/wp-content\/uploads\/2015\/07\/terrasse600x800.jpg?w=287&#038;h=383&#038;ssl=1\" width=\"287\" height=\"383\" data-original-width=\"287\" data-original-height=\"383\" itemprop=\"http:\/\/schema.org\/image\" title=\"OLYMPUS DIGITAL CAMERA\" alt=\"OLYMPUS DIGITAL CAMERA\" style=\"width: 287px; height: 383px;\" \/> <\/a> <\/div> <\/div> <!-- close group --> <\/div> <!-- close row --> <div class=\"gallery-row\" style=\"width: 840px; height: 754px;\" data-original-width=\"840\" data-original-height=\"754\" > <div class=\"gallery-group images-1\" style=\"width: 566px; height: 754px;\" data-original-width=\"566\" data-original-height=\"754\" > <div class=\"tiled-gallery-item tiled-gallery-item-large\" itemprop=\"associatedMedia\" itemscope itemtype=\"http:\/\/schema.org\/ImageObject\"> <a href=\"https:\/\/chambresencorse.com\/en\/la-maison\/olympus-digital-camera-15\/\" border=\"0\" itemprop=\"url\"> <meta itemprop=\"width\" content=\"562\"> <meta itemprop=\"height\" content=\"750\"> <img data-attachment-id=\"88\" data-orig-file=\"https:\/\/chambresencorse.com\/wp-content\/uploads\/2015\/07\/souslefiguier.jpg\" data-orig-size=\"600,800\" data-comments-opened=\"1\" data-image-meta=\"{&quot;aperture&quot;:&quot;3.1&quot;,&quot;credit&quot;:&quot;&quot;,&quot;camera&quot;:&quot;X500,D590Z,C470Z&quot;,&quot;caption&quot;:&quot;OLYMPUS DIGITAL CAMERA&quot;,&quot;created_timestamp&quot;:&quot;1209490381&quot;,&quot;copyright&quot;:&quot;&quot;,&quot;focal_length&quot;:&quot;5.8&quot;,&quot;iso&quot;:&quot;64&quot;,&quot;shutter_speed&quot;:&quot;0.004&quot;,&quot;title&quot;:&quot;OLYMPUS DIGITAL CAMERA&quot;,&quot;orientation&quot;:&quot;0&quot;}\" data-image-title=\"OLYMPUS DIGITAL CAMERA\" data-image-description=\"\" data-medium-file=\"https:\/\/i1.wp.com\/chambresencorse.com\/wp-content\/uploads\/2015\/07\/souslefiguier.jpg?fit=225%2C300&#038;ssl=1\" data-large-file=\"https:\/\/i1.wp.com\/chambresencorse.com\/wp-content\/uploads\/2015\/07\/souslefiguier.jpg?fit=600%2C800&#038;ssl=1\" src=\"https:\/\/i1.wp.com\/chambresencorse.com\/wp-content\/uploads\/2015\/07\/souslefiguier.jpg?w=562&#038;h=750&#038;ssl=1\" width=\"562\" height=\"750\" data-original-width=\"562\" data-original-height=\"750\" itemprop=\"http:\/\/schema.org\/image\" title=\"OLYMPUS DIGITAL CAMERA\" alt=\"OLYMPUS DIGITAL CAMERA\" style=\"width: 562px; height: 750px;\" \/> <\/a> <\/div> <\/div> <!-- close group --> <div class=\"gallery-group images-3\" style=\"width: 274px; height: 754px;\" data-original-width=\"274\" data-original-height=\"754\" > <div class=\"tiled-gallery-item tiled-gallery-item-large\" itemprop=\"associatedMedia\" itemscope itemtype=\"http:\/\/schema.org\/ImageObject\"> <a href=\"https:\/\/chambresencorse.com\/en\/img_2355-2\/\" border=\"0\" itemprop=\"url\"> <meta itemprop=\"width\" content=\"270\"> <meta itemprop=\"height\" content=\"270\"> <img data-attachment-id=\"469\" data-orig-file=\"https:\/\/chambresencorse.com\/wp-content\/uploads\/2023\/04\/IMG_2355-1-scaled-e1680961859141.jpg\" data-orig-size=\"800,800\" data-comments-opened=\"1\" data-image-meta=\"{&quot;aperture&quot;:&quot;1.8&quot;,&quot;credit&quot;:&quot;&quot;,&quot;camera&quot;:&quot;iPhone 8&quot;,&quot;caption&quot;:&quot;&quot;,&quot;created_timestamp&quot;:&quot;1680366271&quot;,&quot;copyright&quot;:&quot;&quot;,&quot;focal_length&quot;:&quot;3.99&quot;,&quot;iso&quot;:&quot;20&quot;,&quot;shutter_speed&quot;:&quot;0.00069979006298111&quot;,&quot;title&quot;:&quot;&quot;,&quot;orientation&quot;:&quot;1&quot;}\" data-image-title=\"IMG_2355\" data-image-description=\"\" data-medium-file=\"https:\/\/i1.wp.com\/chambresencorse.com\/wp-content\/uploads\/2023\/04\/IMG_2355-1-scaled-e1680961859141.jpg?fit=300%2C300&#038;ssl=1\" data-large-file=\"https:\/\/i1.wp.com\/chambresencorse.com\/wp-content\/uploads\/2023\/04\/IMG_2355-1-scaled-e1680961859141.jpg?fit=840%2C840&#038;ssl=1\" src=\"https:\/\/i1.wp.com\/chambresencorse.com\/wp-content\/uploads\/2023\/04\/IMG_2355-1-scaled-e1680961859141.jpg?w=270&#038;h=270&#038;crop=1&#038;ssl=1\" width=\"270\" height=\"270\" data-original-width=\"270\" data-original-height=\"270\" itemprop=\"http:\/\/schema.org\/image\" title=\"IMG_2355\" alt=\"les hamacs\" style=\"width: 270px; height: 270px;\" \/> <\/a> <div class=\"tiled-gallery-caption\" itemprop=\"caption description\"> les hamacs <\/div> <\/div> <div class=\"tiled-gallery-item tiled-gallery-item-large\" itemprop=\"associatedMedia\" itemscope itemtype=\"http:\/\/schema.org\/ImageObject\"> <a href=\"https:\/\/chambresencorse.com\/en\/la-maison\/olympus-digital-camera-10\/\" border=\"0\" itemprop=\"url\"> <meta itemprop=\"width\" content=\"270\"> <meta itemprop=\"height\" content=\"202\"> <img data-attachment-id=\"81\" data-orig-file=\"https:\/\/chambresencorse.com\/wp-content\/uploads\/2015\/07\/couchersoleil.jpg\" data-orig-size=\"800,600\" data-comments-opened=\"1\" data-image-meta=\"{&quot;aperture&quot;:&quot;3.6&quot;,&quot;credit&quot;:&quot;&quot;,&quot;camera&quot;:&quot;X500,D590Z,C470Z&quot;,&quot;caption&quot;:&quot;OLYMPUS DIGITAL CAMERA&quot;,&quot;created_timestamp&quot;:&quot;1310022418&quot;,&quot;copyright&quot;:&quot;&quot;,&quot;focal_length&quot;:&quot;7.28&quot;,&quot;iso&quot;:&quot;64&quot;,&quot;shutter_speed&quot;:&quot;0.00625&quot;,&quot;title&quot;:&quot;OLYMPUS DIGITAL CAMERA&quot;,&quot;orientation&quot;:&quot;1&quot;}\" data-image-title=\"le nebbio\" data-image-description=\"\" data-medium-file=\"https:\/\/i2.wp.com\/chambresencorse.com\/wp-content\/uploads\/2015\/07\/couchersoleil.jpg?fit=300%2C225&#038;ssl=1\" data-large-file=\"https:\/\/i2.wp.com\/chambresencorse.com\/wp-content\/uploads\/2015\/07\/couchersoleil.jpg?fit=800%2C600&#038;ssl=1\" src=\"https:\/\/i2.wp.com\/chambresencorse.com\/wp-content\/uploads\/2015\/07\/couchersoleil.jpg?w=270&#038;h=202&#038;ssl=1\" width=\"270\" height=\"202\" data-original-width=\"270\" data-original-height=\"202\" itemprop=\"http:\/\/schema.org\/image\" title=\"le nebbio\" alt=\"coucher de soleil sur le massif de Tenda dans le nebbio\" style=\"width: 270px; height: 202px;\" \/> <\/a> <div class=\"tiled-gallery-caption\" itemprop=\"caption description\"> coucher de soleil sur le massif de Tenda dans le nebbio <\/div> <\/div> <div class=\"tiled-gallery-item tiled-gallery-item-large\" itemprop=\"associatedMedia\" itemscope itemtype=\"http:\/\/schema.org\/ImageObject\"> <a href=\"https:\/\/chambresencorse.com\/en\/img_2351\/\" border=\"0\" itemprop=\"url\"> <meta itemprop=\"width\" content=\"270\"> <meta itemprop=\"height\" content=\"270\"> <img data-attachment-id=\"461\" data-orig-file=\"https:\/\/chambresencorse.com\/wp-content\/uploads\/2023\/04\/IMG_2351-scaled-e1680961908377.jpg\" data-orig-size=\"800,800\" data-comments-opened=\"1\" data-image-meta=\"{&quot;aperture&quot;:&quot;1.8&quot;,&quot;credit&quot;:&quot;&quot;,&quot;camera&quot;:&quot;iPhone 8&quot;,&quot;caption&quot;:&quot;&quot;,&quot;created_timestamp&quot;:&quot;1680366071&quot;,&quot;copyright&quot;:&quot;&quot;,&quot;focal_length&quot;:&quot;3.99&quot;,&quot;iso&quot;:&quot;20&quot;,&quot;shutter_speed&quot;:&quot;0.00035001750087504&quot;,&quot;title&quot;:&quot;&quot;,&quot;orientation&quot;:&quot;1&quot;}\" data-image-title=\"IMG_2351\" data-image-description=\"\" data-medium-file=\"https:\/\/i2.wp.com\/chambresencorse.com\/wp-content\/uploads\/2023\/04\/IMG_2351-scaled-e1680961908377.jpg?fit=300%2C300&#038;ssl=1\" data-large-file=\"https:\/\/i2.wp.com\/chambresencorse.com\/wp-content\/uploads\/2023\/04\/IMG_2351-scaled-e1680961908377.jpg?fit=840%2C840&#038;ssl=1\" src=\"https:\/\/i2.wp.com\/chambresencorse.com\/wp-content\/uploads\/2023\/04\/IMG_2351-scaled-e1680961908377.jpg?w=270&#038;h=270&#038;crop=1&#038;ssl=1\" width=\"270\" height=\"270\" data-original-width=\"270\" data-original-height=\"270\" itemprop=\"http:\/\/schema.org\/image\" title=\"IMG_2351\" alt=\"la maison et le jardin\" style=\"width: 270px; height: 270px;\" \/> <\/a> <div class=\"tiled-gallery-caption\" itemprop=\"caption description\"> la maison et le jardin <\/div> <\/div> <\/div> <!-- close group --> <\/div> <!-- close row --> <\/div>","protected":false},"excerpt":{"rendered":"<p>Sorry, this entry is only available in French.<\/p>\n","protected":false},"author":2,"featured_media":0,"parent":0,"menu_order":0,"comment_status":"closed","ping_status":"open","template":"","meta":{"spay_email":""},"yoast_head":"<!-- This site is optimized with the Yoast SEO plugin v15.8 - https:\/\/yoast.com\/wordpress\/plugins\/seo\/ -->\n<title>The House - Chambres d&#039;h\u00f4tes en Corse<\/title>\n<meta name=\"description\" content=\"[:fr]la maison d&#039;h\u00f4tes Cicendolle de Paul Henri Gaucher vous accueille toute l&#039;ann\u00e9e \u00e0 Vallecalle en Corse dans le Nebbio entre St Florent et Bastia.[:]\" \/>\n<meta name=\"robots\" content=\"index, follow, max-snippet:-1, max-image-preview:large, max-video-preview:-1\" \/>\n<link rel=\"canonical\" href=\"https:\/\/chambresencorse.com\/la-maison\/\" \/>\n<meta property=\"og:locale\" content=\"en_US\" \/>\n<meta property=\"og:type\" content=\"article\" \/>\n<meta property=\"og:title\" content=\"[:fr]LA MAISON[:en]The House[:] - Chambres d&#039;h\u00f4tes en Corse\" \/>\n<meta property=\"og:description\" content=\"[:fr]la maison d&#039;h\u00f4tes Cicendolle de Paul Henri Gaucher vous accueille toute l&#039;ann\u00e9e \u00e0 Vallecalle en Corse dans le Nebbio entre St Florent et Bastia.[:]\" \/>\n<meta property=\"og:url\" content=\"https:\/\/chambresencorse.com\/la-maison\/\" \/>\n<meta property=\"og:site_name\" content=\"Chambres d&#039;h\u00f4tes en Corse\" \/>\n<meta property=\"article:modified_time\" content=\"2023-04-08T14:00:01+00:00\" \/>\n<meta property=\"og:image\" content=\"https:\/\/i1.wp.com\/chambresencorse.com\/wp-content\/uploads\/2023\/04\/IMG_2139-scaled-e1680961933686.jpg?w=323&#038;h=242&#038;ssl=1\" \/>\n<meta name=\"twitter:card\" content=\"summary\" \/>\n<meta name=\"twitter:label1\" content=\"Est. reading time\">\n\t<meta name=\"twitter:data1\" content=\"1 minute\">\n<script type=\"application\/ld+json\" class=\"yoast-schema-graph\">{\"@context\":\"https:\/\/schema.org\",\"@graph\":[{\"@type\":\"WebSite\",\"@id\":\"https:\/\/chambresencorse.com\/#website\",\"url\":\"https:\/\/chambresencorse.com\/\",\"name\":\"Chambres d&#039;h\\u00f4tes en Corse\",\"description\":\"Decouvrez Vallecalle\",\"potentialAction\":[{\"@type\":\"SearchAction\",\"target\":\"https:\/\/chambresencorse.com\/?s={search_term_string}\",\"query-input\":\"required name=search_term_string\"}],\"inLanguage\":\"en-US\"},{\"@type\":\"WebPage\",\"@id\":\"https:\/\/chambresencorse.com\/la-maison\/#webpage\",\"url\":\"https:\/\/chambresencorse.com\/la-maison\/\",\"name\":\"[:fr]LA MAISON[:en]The House[:] - Chambres d&#039;h\\u00f4tes en Corse\",\"isPartOf\":{\"@id\":\"https:\/\/chambresencorse.com\/#website\"},\"datePublished\":\"2015-07-25T12:44:38+00:00\",\"dateModified\":\"2023-04-08T14:00:01+00:00\",\"description\":\"[:fr]la maison d'h\\u00f4tes Cicendolle de Paul Henri Gaucher vous accueille toute l'ann\\u00e9e \\u00e0 Vallecalle en Corse dans le Nebbio entre St Florent et Bastia.[:]\",\"breadcrumb\":{\"@id\":\"https:\/\/chambresencorse.com\/la-maison\/#breadcrumb\"},\"inLanguage\":\"en-US\",\"potentialAction\":[{\"@type\":\"ReadAction\",\"target\":[\"https:\/\/chambresencorse.com\/la-maison\/\"]}]},{\"@type\":\"BreadcrumbList\",\"@id\":\"https:\/\/chambresencorse.com\/la-maison\/#breadcrumb\",\"itemListElement\":[{\"@type\":\"ListItem\",\"position\":1,\"item\":{\"@type\":\"WebPage\",\"@id\":\"https:\/\/chambresencorse.com\/\",\"url\":\"https:\/\/chambresencorse.com\/\",\"name\":\"Accueil\"}},{\"@type\":\"ListItem\",\"position\":2,\"item\":{\"@type\":\"WebPage\",\"@id\":\"https:\/\/chambresencorse.com\/la-maison\/\",\"url\":\"https:\/\/chambresencorse.com\/la-maison\/\",\"name\":\"LA MAISON\"}}]}]}<\/script>\n<!-- \/ Yoast SEO plugin. -->","jetpack_sharing_enabled":true,"jetpack_shortlink":"https:\/\/wp.me\/P6vFkN-1i","_links":{"self":[{"href":"https:\/\/chambresencorse.com\/en\/wp-json\/wp\/v2\/pages\/80"}],"collection":[{"href":"https:\/\/chambresencorse.com\/en\/wp-json\/wp\/v2\/pages"}],"about":[{"href":"https:\/\/chambresencorse.com\/en\/wp-json\/wp\/v2\/types\/page"}],"author":[{"embeddable":true,"href":"https:\/\/chambresencorse.com\/en\/wp-json\/wp\/v2\/users\/2"}],"replies":[{"embeddable":true,"href":"https:\/\/chambresencorse.com\/en\/wp-json\/wp\/v2\/comments?post=80"}],"version-history":[{"count":3,"href":"https:\/\/chambresencorse.com\/en\/wp-json\/wp\/v2\/pages\/80\/revisions"}],"predecessor-version":[{"id":472,"href":"https:\/\/chambresencorse.com\/en\/wp-json\/wp\/v2\/pages\/80\/revisions\/472"}],"wp:attachment":[{"href":"https:\/\/chambresencorse.com\/en\/wp-json\/wp\/v2\/media?parent=80"}],"curies":[{"name":"wp","href":"https:\/\/api.w.org\/{rel}","templated":true}]}}