{"id":73,"date":"2015-07-25T13:07:25","date_gmt":"2015-07-25T12:07:25","guid":{"rendered":"http:\/\/chambresencorse.com\/?page_id=73"},"modified":"2026-01-11T15:26:42","modified_gmt":"2026-01-11T14:26:42","slug":"tarifs","status":"publish","type":"page","link":"https:\/\/chambresencorse.com\/en\/tarifs\/","title":{"rendered":"RATES"},"content":{"rendered":"Prices for an overnight , breakfast is included, with fruits, juices\u00a0and marmelads from the garden, when possible. Local tourist tax 0,66\u20ac \/adult\/night included in our rates<\/p>\n<p><a href=\"https:\/\/i1.wp.com\/chambresencorse.com\/wp-content\/uploads\/2015\/07\/oranges.jpg?ssl=1\"><img loading=\"lazy\" class=\"alignnone size-medium wp-image-56\" src=\"https:\/\/i1.wp.com\/chambresencorse.com\/wp-content\/uploads\/2015\/07\/oranges.jpg?resize=300%2C225&#038;ssl=1\" alt=\"oranges\" width=\"300\" height=\"225\" data-recalc-dims=\"1\" \/><\/a><\/p>\n<table width=\"653\">\n<tbody>\n<tr>\n<td width=\"100%\">\n<table width=\"721\">\n<tbody>\n<tr>\n<td width=\"42\"><\/td>\n<td width=\"100%\"><span style=\"text-decoration: underline;\"><span style=\"color: #146314; text-decoration: underline;\"><strong>The\u00a0<\/strong><a style=\"color: #146314; text-decoration: underline;\" href=\"http:\/\/www.chambresencorse.com\/index.php?option=com_content&amp;view=article&amp;id=46&amp;Itemid=55&amp;lang=en\"><strong>bedroom Vallecalle<\/strong><\/a><\/span><\/span><strong>\u00a0<\/strong><strong>(bathroom and wc)<\/strong><\/p>\n<table width=\"668\">\n<tbody>\n<tr>\n<td width=\"42\"><\/td>\n<td width=\"100%\">2 personnes : <strong>75 euros<\/strong><\/td>\n<\/tr>\n<tr>\n<td width=\"42\"><\/td>\n<td width=\"100%\">1 personne\u00a0 : <strong>65 euros<\/strong><\/td>\n<\/tr>\n<\/tbody>\n<\/table>\n<\/td>\n<\/tr>\n<tr>\n<td width=\"42\"><\/td>\n<td width=\"100%\"><span style=\"text-decoration: underline; color: #146314;\"><strong>The\u00a0<a style=\"color: #146314;\" href=\"http:\/\/www.chambresencorse.com\/index.php?option=com_content&amp;view=article&amp;id=49&amp;Itemid=55&amp;lang=en\">large bedroom Nebbiu<\/a><\/strong>\u00a0<\/span><strong>(bathroom and wc)<\/strong><\/p>\n<table width=\"668\">\n<tbody>\n<tr>\n<td width=\"42\"><strong>\u00a0<\/strong><\/td>\n<td width=\"100%\"><strong>4 pers. : 120 euros<\/strong><\/td>\n<\/tr>\n<tr>\n<td width=\"42\"><strong>\u00a0<\/strong><\/td>\n<td width=\"100%\"><strong>3 pers. : 100 euros<\/strong><\/td>\n<\/tr>\n<tr>\n<td width=\"42\"><strong>\u00a0<\/strong><\/td>\n<td width=\"100%\"><strong>2 pers. : 82 euros<\/strong><\/td>\n<\/tr>\n<tr>\n<td width=\"42\"><strong>\u00a0<\/strong><\/td>\n<td width=\"100%\"><strong>1 pers.\u00a0 : 70 euros<\/strong><\/td>\n<\/tr>\n<\/tbody>\n<\/table>\n<\/td>\n<\/tr>\n<tr>\n<td width=\"42\"><\/td>\n<td width=\"100%\"><strong><span style=\"text-decoration: underline;\"><span style=\"color: #146314; text-decoration: underline;\">The\u00a0suite<\/span><\/span> (<span style=\"color: #000000;\">two\u00a0<\/span><\/strong><span style=\"color: #000000;\"><strong>bedrooms,\u00a0\u00a0lounge,<\/strong><\/span><strong>bathroom and\u00a0wc)<\/strong><\/p>\n<table style=\"width: 100%; height: 96px;\" width=\"668\">\n<tbody>\n<tr style=\"height: 24px;\">\n<td style=\"height: 24px;\" width=\"42\"><\/td>\n<td style=\"height: 24px;\" width=\"100%\">4 pers. : <strong>145 euros<\/strong><\/td>\n<\/tr>\n<tr style=\"height: 24px;\">\n<td style=\"height: 24px;\" width=\"42\"><\/td>\n<td style=\"height: 24px;\" width=\"100%\">3 pers. : <strong>115 euros<\/strong><\/td>\n<\/tr>\n<tr style=\"height: 24px;\">\n<td style=\"height: 24px;\" width=\"42\"><\/td>\n<td style=\"height: 24px;\" width=\"100%\">2 pers. :<strong> 82 euros<\/strong><\/td>\n<\/tr>\n<tr style=\"height: 24px;\">\n<td style=\"height: 24px;\" width=\"42\"><\/td>\n<td style=\"height: 24px;\" width=\"100%\">1 pers.\u00a0 : <strong>70 euros<\/strong><\/td>\n<\/tr>\n<\/tbody>\n<\/table>\n<\/td>\n<\/tr>\n<\/tbody>\n<\/table>\n<table width=\"721\">\n<tbody>\n<tr>\n<td width=\"42\"><\/td>\n<td width=\"100%\"><\/td>\n<\/tr>\n<\/tbody>\n<\/table>\n<\/td>\n<\/tr>\n<\/tbody>\n<\/table>","protected":false},"excerpt":{"rendered":"<p>Prices for an overnight , breakfast is included, with fruits, juices\u00a0and marmelads from the garden, when possible. Local tourist tax 0,66\u20ac \/adult\/night included in our rates The\u00a0bedroom Vallecalle\u00a0(bathroom and wc) 2 personnes : 75 euros 1 personne\u00a0 : 65 euros&hellip; <br \/><a class=\"read-more-button\" href=\"https:\/\/chambresencorse.com\/en\/tarifs\/\">Read more<\/a><\/p>\n","protected":false},"author":2,"featured_media":0,"parent":0,"menu_order":0,"comment_status":"closed","ping_status":"open","template":"","meta":{"spay_email":""},"yoast_head":"<!-- This site is optimized with the Yoast SEO plugin v15.8 - https:\/\/yoast.com\/wordpress\/plugins\/seo\/ -->\n<title>RATES - Chambres d&#039;h\u00f4tes en Corse<\/title>\n<meta name=\"description\" content=\"[:fr]Tarifs des chambres d&#039;h\u00f4tes de Paul Henri Gaucher \u00e0 Vallecalle entre St Florent et Bastia dans le Nebbio Prix unique toute l&#039;ann\u00e9e petit d\u00e9jeuner compis[:]\" \/>\n<meta name=\"robots\" content=\"index, follow, max-snippet:-1, max-image-preview:large, max-video-preview:-1\" \/>\n<link rel=\"canonical\" href=\"https:\/\/chambresencorse.com\/tarifs\/\" \/>\n<meta property=\"og:locale\" content=\"en_US\" \/>\n<meta property=\"og:type\" content=\"article\" \/>\n<meta property=\"og:title\" content=\"[:fr]TARIFS[:en]RATES[:] - Chambres d&#039;h\u00f4tes en Corse\" \/>\n<meta property=\"og:description\" content=\"[:fr]Tarifs des chambres d&#039;h\u00f4tes de Paul Henri Gaucher \u00e0 Vallecalle entre St Florent et Bastia dans le Nebbio Prix unique toute l&#039;ann\u00e9e petit d\u00e9jeuner compis[:]\" \/>\n<meta property=\"og:url\" content=\"https:\/\/chambresencorse.com\/tarifs\/\" \/>\n<meta property=\"og:site_name\" content=\"Chambres d&#039;h\u00f4tes en Corse\" \/>\n<meta property=\"article:modified_time\" content=\"2026-01-11T14:26:42+00:00\" \/>\n<meta name=\"twitter:card\" content=\"summary\" \/>\n<meta name=\"twitter:label1\" content=\"Est. reading time\">\n\t<meta name=\"twitter:data1\" content=\"1 minute\">\n<script type=\"application\/ld+json\" class=\"yoast-schema-graph\">{\"@context\":\"https:\/\/schema.org\",\"@graph\":[{\"@type\":\"WebSite\",\"@id\":\"https:\/\/chambresencorse.com\/#website\",\"url\":\"https:\/\/chambresencorse.com\/\",\"name\":\"Chambres d&#039;h\\u00f4tes en Corse\",\"description\":\"Decouvrez Vallecalle\",\"potentialAction\":[{\"@type\":\"SearchAction\",\"target\":\"https:\/\/chambresencorse.com\/?s={search_term_string}\",\"query-input\":\"required name=search_term_string\"}],\"inLanguage\":\"en-US\"},{\"@type\":\"ImageObject\",\"@id\":\"https:\/\/chambresencorse.com\/tarifs\/#primaryimage\",\"inLanguage\":\"en-US\",\"url\":\"https:\/\/i1.wp.com\/chambresencorse.com\/wp-content\/uploads\/2015\/07\/oranges.jpg?fit=300%2C225&ssl=1\",\"width\":300,\"height\":225,\"caption\":\"Les fruits du jardin\"},{\"@type\":\"WebPage\",\"@id\":\"https:\/\/chambresencorse.com\/tarifs\/#webpage\",\"url\":\"https:\/\/chambresencorse.com\/tarifs\/\",\"name\":\"[:fr]TARIFS[:en]RATES[:] - Chambres d&#039;h\\u00f4tes en Corse\",\"isPartOf\":{\"@id\":\"https:\/\/chambresencorse.com\/#website\"},\"primaryImageOfPage\":{\"@id\":\"https:\/\/chambresencorse.com\/tarifs\/#primaryimage\"},\"datePublished\":\"2015-07-25T12:07:25+00:00\",\"dateModified\":\"2026-01-11T14:26:42+00:00\",\"description\":\"[:fr]Tarifs des chambres d'h\\u00f4tes de Paul Henri Gaucher \\u00e0 Vallecalle entre St Florent et Bastia dans le Nebbio Prix unique toute l'ann\\u00e9e petit d\\u00e9jeuner compis[:]\",\"breadcrumb\":{\"@id\":\"https:\/\/chambresencorse.com\/tarifs\/#breadcrumb\"},\"inLanguage\":\"en-US\",\"potentialAction\":[{\"@type\":\"ReadAction\",\"target\":[\"https:\/\/chambresencorse.com\/tarifs\/\"]}]},{\"@type\":\"BreadcrumbList\",\"@id\":\"https:\/\/chambresencorse.com\/tarifs\/#breadcrumb\",\"itemListElement\":[{\"@type\":\"ListItem\",\"position\":1,\"item\":{\"@type\":\"WebPage\",\"@id\":\"https:\/\/chambresencorse.com\/\",\"url\":\"https:\/\/chambresencorse.com\/\",\"name\":\"Accueil\"}},{\"@type\":\"ListItem\",\"position\":2,\"item\":{\"@type\":\"WebPage\",\"@id\":\"https:\/\/chambresencorse.com\/tarifs\/\",\"url\":\"https:\/\/chambresencorse.com\/tarifs\/\",\"name\":\"TARIFS\"}}]}]}<\/script>\n<!-- \/ Yoast SEO plugin. -->","jetpack_sharing_enabled":true,"jetpack_shortlink":"https:\/\/wp.me\/P6vFkN-1b","_links":{"self":[{"href":"https:\/\/chambresencorse.com\/en\/wp-json\/wp\/v2\/pages\/73"}],"collection":[{"href":"https:\/\/chambresencorse.com\/en\/wp-json\/wp\/v2\/pages"}],"about":[{"href":"https:\/\/chambresencorse.com\/en\/wp-json\/wp\/v2\/types\/page"}],"author":[{"embeddable":true,"href":"https:\/\/chambresencorse.com\/en\/wp-json\/wp\/v2\/users\/2"}],"replies":[{"embeddable":true,"href":"https:\/\/chambresencorse.com\/en\/wp-json\/wp\/v2\/comments?post=73"}],"version-history":[{"count":14,"href":"https:\/\/chambresencorse.com\/en\/wp-json\/wp\/v2\/pages\/73\/revisions"}],"predecessor-version":[{"id":504,"href":"https:\/\/chambresencorse.com\/en\/wp-json\/wp\/v2\/pages\/73\/revisions\/504"}],"wp:attachment":[{"href":"https:\/\/chambresencorse.com\/en\/wp-json\/wp\/v2\/media?parent=73"}],"curies":[{"name":"wp","href":"https:\/\/api.w.org\/{rel}","templated":true}]}}