{"id":322,"date":"2017-01-26T11:19:17","date_gmt":"2017-01-26T10:19:17","guid":{"rendered":"http:\/\/chambresencorse.com\/?page_id=322"},"modified":"2026-01-11T14:11:18","modified_gmt":"2026-01-11T13:11:18","slug":"ou-manger","status":"publish","type":"page","link":"https:\/\/chambresencorse.com\/en\/ou-manger\/","title":{"rendered":"(Fran\u00e7ais) O\u00f9 manger dans la r\u00e9gion"},"content":{"rendered":"<p class=\"qtranxs-available-languages-message qtranxs-available-languages-message-en\">Sorry, this entry is only available in <a href=\"https:\/\/chambresencorse.com\/fr\/wp-json\/wp\/v2\/pages\/322\" class=\"qtranxs-available-language-link qtranxs-available-language-link-fr\" title=\"Fran\u00e7ais\">French<\/a>.<\/p>","protected":false},"excerpt":{"rendered":"<p>Sorry, this entry is only available in French.<\/p>\n","protected":false},"author":2,"featured_media":0,"parent":0,"menu_order":0,"comment_status":"closed","ping_status":"closed","template":"","meta":{"spay_email":""},"yoast_head":"<!-- This site is optimized with the Yoast SEO plugin v15.8 - https:\/\/yoast.com\/wordpress\/plugins\/seo\/ -->\n<title><\/title>\n<meta name=\"robots\" content=\"index, follow, max-snippet:-1, max-image-preview:large, max-video-preview:-1\" \/>\n<link rel=\"canonical\" href=\"https:\/\/chambresencorse.com\/ou-manger\/\" \/>\n<meta property=\"og:locale\" content=\"en_US\" \/>\n<meta property=\"og:type\" content=\"article\" \/>\n<meta property=\"og:title\" content=\"[:fr]O\u00f9 manger dans la r\u00e9gion[:] - Chambres d&#039;h\u00f4tes en Corse\" \/>\n<meta property=\"og:description\" content=\"Sorry, this entry is only available in French.\" \/>\n<meta property=\"og:url\" content=\"https:\/\/chambresencorse.com\/ou-manger\/\" \/>\n<meta property=\"og:site_name\" content=\"Chambres d&#039;h\u00f4tes en Corse\" \/>\n<meta property=\"article:modified_time\" content=\"2026-01-11T13:11:18+00:00\" \/>\n<meta property=\"og:image\" content=\"https:\/\/i2.wp.com\/chambresencorse.com\/wp-content\/uploads\/2017\/01\/b0ce92c1202d.jpg?w=416&#038;h=312&#038;ssl=1\" \/>\n<meta name=\"twitter:card\" content=\"summary\" \/>\n<meta name=\"twitter:label1\" content=\"Est. reading time\">\n\t<meta name=\"twitter:data1\" content=\"1 minute\">\n<script type=\"application\/ld+json\" class=\"yoast-schema-graph\">{\"@context\":\"https:\/\/schema.org\",\"@graph\":[{\"@type\":\"WebSite\",\"@id\":\"https:\/\/chambresencorse.com\/#website\",\"url\":\"https:\/\/chambresencorse.com\/\",\"name\":\"Chambres d&#039;h\\u00f4tes en Corse\",\"description\":\"Decouvrez Vallecalle\",\"potentialAction\":[{\"@type\":\"SearchAction\",\"target\":\"https:\/\/chambresencorse.com\/?s={search_term_string}\",\"query-input\":\"required name=search_term_string\"}],\"inLanguage\":\"en-US\"},{\"@type\":\"WebPage\",\"@id\":\"https:\/\/chambresencorse.com\/ou-manger\/#webpage\",\"url\":\"https:\/\/chambresencorse.com\/ou-manger\/\",\"name\":\"[:fr]O\\u00f9 manger dans la r\\u00e9gion[:] - Chambres d&#039;h\\u00f4tes en Corse\",\"isPartOf\":{\"@id\":\"https:\/\/chambresencorse.com\/#website\"},\"datePublished\":\"2017-01-26T10:19:17+00:00\",\"dateModified\":\"2026-01-11T13:11:18+00:00\",\"breadcrumb\":{\"@id\":\"https:\/\/chambresencorse.com\/ou-manger\/#breadcrumb\"},\"inLanguage\":\"en-US\",\"potentialAction\":[{\"@type\":\"ReadAction\",\"target\":[\"https:\/\/chambresencorse.com\/ou-manger\/\"]}]},{\"@type\":\"BreadcrumbList\",\"@id\":\"https:\/\/chambresencorse.com\/ou-manger\/#breadcrumb\",\"itemListElement\":[{\"@type\":\"ListItem\",\"position\":1,\"item\":{\"@type\":\"WebPage\",\"@id\":\"https:\/\/chambresencorse.com\/\",\"url\":\"https:\/\/chambresencorse.com\/\",\"name\":\"Accueil\"}},{\"@type\":\"ListItem\",\"position\":2,\"item\":{\"@type\":\"WebPage\",\"@id\":\"https:\/\/chambresencorse.com\/ou-manger\/\",\"url\":\"https:\/\/chambresencorse.com\/ou-manger\/\",\"name\":\"O\\u00f9 manger dans la r\\u00e9gion\"}}]}]}<\/script>\n<!-- \/ Yoast SEO plugin. -->","jetpack_sharing_enabled":true,"jetpack_shortlink":"https:\/\/wp.me\/P6vFkN-5c","_links":{"self":[{"href":"https:\/\/chambresencorse.com\/en\/wp-json\/wp\/v2\/pages\/322"}],"collection":[{"href":"https:\/\/chambresencorse.com\/en\/wp-json\/wp\/v2\/pages"}],"about":[{"href":"https:\/\/chambresencorse.com\/en\/wp-json\/wp\/v2\/types\/page"}],"author":[{"embeddable":true,"href":"https:\/\/chambresencorse.com\/en\/wp-json\/wp\/v2\/users\/2"}],"replies":[{"embeddable":true,"href":"https:\/\/chambresencorse.com\/en\/wp-json\/wp\/v2\/comments?post=322"}],"version-history":[{"count":6,"href":"https:\/\/chambresencorse.com\/en\/wp-json\/wp\/v2\/pages\/322\/revisions"}],"predecessor-version":[{"id":496,"href":"https:\/\/chambresencorse.com\/en\/wp-json\/wp\/v2\/pages\/322\/revisions\/496"}],"wp:attachment":[{"href":"https:\/\/chambresencorse.com\/en\/wp-json\/wp\/v2\/media?parent=322"}],"curies":[{"name":"wp","href":"https:\/\/api.w.org\/{rel}","templated":true}]}}