{"id":173,"date":"2015-07-25T16:17:30","date_gmt":"2015-07-25T15:17:30","guid":{"rendered":"http:\/\/chambresencorse.com\/?page_id=173"},"modified":"2023-04-08T14:32:04","modified_gmt":"2023-04-08T13:32:04","slug":"bastia","status":"publish","type":"page","link":"https:\/\/chambresencorse.com\/en\/bastia\/","title":{"rendered":"Bastia"},"content":{"rendered":"Our favorite city\u00a0\u00a0BASTIA<\/p>\n<div class=\"tiled-gallery type-rectangular tiled-gallery-unresized\" data-original-width=\"840\" data-carousel-extra='null' itemscope itemtype=\"http:\/\/schema.org\/ImageGallery\" > <div class=\"gallery-row\" style=\"width: 840px; height: 421px;\" data-original-width=\"840\" data-original-height=\"421\" > <div class=\"gallery-group images-1\" style=\"width: 560px; height: 421px;\" data-original-width=\"560\" data-original-height=\"421\" > <div class=\"tiled-gallery-item tiled-gallery-item-large\" itemprop=\"associatedMedia\" itemscope itemtype=\"http:\/\/schema.org\/ImageObject\"> <a href=\"https:\/\/chambresencorse.com\/en\/bastia\/bastia-3-600x450\/\" border=\"0\" itemprop=\"url\"> <meta itemprop=\"width\" content=\"556\"> <meta itemprop=\"height\" content=\"417\"> <img data-attachment-id=\"176\" data-orig-file=\"https:\/\/chambresencorse.com\/wp-content\/uploads\/2015\/07\/bastia-3-600x450.jpg\" data-orig-size=\"600,450\" data-comments-opened=\"1\" data-image-meta=\"{&quot;aperture&quot;:&quot;5.3&quot;,&quot;credit&quot;:&quot;Picasa&quot;,&quot;camera&quot;:&quot;COOLPIX S9100&quot;,&quot;caption&quot;:&quot;&quot;,&quot;created_timestamp&quot;:&quot;1356601615&quot;,&quot;copyright&quot;:&quot;&quot;,&quot;focal_length&quot;:&quot;45.3&quot;,&quot;iso&quot;:&quot;160&quot;,&quot;shutter_speed&quot;:&quot;0.004&quot;,&quot;title&quot;:&quot;&quot;,&quot;orientation&quot;:&quot;1&quot;}\" data-image-title=\"Bastia\" data-image-description=\"\" data-medium-file=\"https:\/\/i1.wp.com\/chambresencorse.com\/wp-content\/uploads\/2015\/07\/bastia-3-600x450.jpg?fit=300%2C225&#038;ssl=1\" data-large-file=\"https:\/\/i1.wp.com\/chambresencorse.com\/wp-content\/uploads\/2015\/07\/bastia-3-600x450.jpg?fit=600%2C450&#038;ssl=1\" src=\"https:\/\/i1.wp.com\/chambresencorse.com\/wp-content\/uploads\/2015\/07\/bastia-3-600x450.jpg?w=556&#038;h=417&#038;ssl=1\" width=\"556\" height=\"417\" data-original-width=\"556\" data-original-height=\"417\" itemprop=\"http:\/\/schema.org\/image\" title=\"Bastia\" alt=\"bastia\" style=\"width: 556px; height: 417px;\" \/> <\/a> <div class=\"tiled-gallery-caption\" itemprop=\"caption description\"> La citadelle de Bastia <\/div> <\/div> <\/div> <!-- close group --> <div class=\"gallery-group images-2\" style=\"width: 280px; height: 421px;\" data-original-width=\"280\" data-original-height=\"421\" > <div class=\"tiled-gallery-item tiled-gallery-item-large\" itemprop=\"associatedMedia\" itemscope itemtype=\"http:\/\/schema.org\/ImageObject\"> <a href=\"https:\/\/chambresencorse.com\/en\/bastia\/bastia-1-600x450\/\" border=\"0\" itemprop=\"url\"> <meta itemprop=\"width\" content=\"276\"> <meta itemprop=\"height\" content=\"207\"> <img data-attachment-id=\"174\" data-orig-file=\"https:\/\/chambresencorse.com\/wp-content\/uploads\/2015\/07\/bastia-1-600x450.jpg\" data-orig-size=\"600,450\" data-comments-opened=\"1\" data-image-meta=\"{&quot;aperture&quot;:&quot;4&quot;,&quot;credit&quot;:&quot;Picasa&quot;,&quot;camera&quot;:&quot;FinePix Z2&quot;,&quot;caption&quot;:&quot;&quot;,&quot;created_timestamp&quot;:&quot;1249972568&quot;,&quot;copyright&quot;:&quot;&quot;,&quot;focal_length&quot;:&quot;9.9&quot;,&quot;iso&quot;:&quot;100&quot;,&quot;shutter_speed&quot;:&quot;0.0047619047619048&quot;,&quot;title&quot;:&quot;&quot;,&quot;orientation&quot;:&quot;1&quot;}\" data-image-title=\"Bastia\" data-image-description=\"\" data-medium-file=\"https:\/\/i2.wp.com\/chambresencorse.com\/wp-content\/uploads\/2015\/07\/bastia-1-600x450.jpg?fit=300%2C225&#038;ssl=1\" data-large-file=\"https:\/\/i2.wp.com\/chambresencorse.com\/wp-content\/uploads\/2015\/07\/bastia-1-600x450.jpg?fit=600%2C450&#038;ssl=1\" src=\"https:\/\/i2.wp.com\/chambresencorse.com\/wp-content\/uploads\/2015\/07\/bastia-1-600x450.jpg?w=276&#038;h=207&#038;ssl=1\" width=\"276\" height=\"207\" data-original-width=\"276\" data-original-height=\"207\" itemprop=\"http:\/\/schema.org\/image\" title=\"Bastia\" alt=\"bastia\" style=\"width: 276px; height: 207px;\" \/> <\/a> <div class=\"tiled-gallery-caption\" itemprop=\"caption description\"> La citadelle et l&#8217;entr\u00e9e du vieux port de Bastia <\/div> <\/div> <div class=\"tiled-gallery-item tiled-gallery-item-large\" itemprop=\"associatedMedia\" itemscope itemtype=\"http:\/\/schema.org\/ImageObject\"> <a href=\"https:\/\/chambresencorse.com\/en\/bastia\/bastia-5-600x450\/\" border=\"0\" itemprop=\"url\"> <meta itemprop=\"width\" content=\"276\"> <meta itemprop=\"height\" content=\"206\"> <img data-attachment-id=\"178\" data-orig-file=\"https:\/\/chambresencorse.com\/wp-content\/uploads\/2015\/07\/bastia-5-600x450.jpg\" data-orig-size=\"600,450\" data-comments-opened=\"1\" data-image-meta=\"{&quot;aperture&quot;:&quot;4.2&quot;,&quot;credit&quot;:&quot;Picasa&quot;,&quot;camera&quot;:&quot;COOLPIX S9100&quot;,&quot;caption&quot;:&quot;&quot;,&quot;created_timestamp&quot;:&quot;1381828053&quot;,&quot;copyright&quot;:&quot;&quot;,&quot;focal_length&quot;:&quot;8.2&quot;,&quot;iso&quot;:&quot;160&quot;,&quot;shutter_speed&quot;:&quot;0.00125&quot;,&quot;title&quot;:&quot;&quot;,&quot;orientation&quot;:&quot;1&quot;}\" data-image-title=\"BASTIA\" data-image-description=\"\" data-medium-file=\"https:\/\/i0.wp.com\/chambresencorse.com\/wp-content\/uploads\/2015\/07\/bastia-5-600x450.jpg?fit=300%2C225&#038;ssl=1\" data-large-file=\"https:\/\/i0.wp.com\/chambresencorse.com\/wp-content\/uploads\/2015\/07\/bastia-5-600x450.jpg?fit=600%2C450&#038;ssl=1\" src=\"https:\/\/i0.wp.com\/chambresencorse.com\/wp-content\/uploads\/2015\/07\/bastia-5-600x450.jpg?w=276&#038;h=206&#038;ssl=1\" width=\"276\" height=\"206\" data-original-width=\"276\" data-original-height=\"206\" itemprop=\"http:\/\/schema.org\/image\" title=\"BASTIA\" alt=\"bastia\" style=\"width: 276px; height: 206px;\" \/> <\/a> <div class=\"tiled-gallery-caption\" itemprop=\"caption description\"> Entr\u00e9e du vieux port de Bastia <\/div> <\/div> <\/div> <!-- close group --> <\/div> <!-- close row --> <div class=\"gallery-row\" style=\"width: 840px; height: 316px;\" data-original-width=\"840\" data-original-height=\"316\" > <div class=\"gallery-group images-1\" style=\"width: 420px; height: 316px;\" data-original-width=\"420\" data-original-height=\"316\" > <div class=\"tiled-gallery-item tiled-gallery-item-large\" itemprop=\"associatedMedia\" itemscope itemtype=\"http:\/\/schema.org\/ImageObject\"> <a href=\"https:\/\/chambresencorse.com\/en\/bastia\/bastia-4-600x450\/\" border=\"0\" itemprop=\"url\"> <meta itemprop=\"width\" content=\"416\"> <meta itemprop=\"height\" content=\"312\"> <img data-attachment-id=\"177\" data-orig-file=\"https:\/\/chambresencorse.com\/wp-content\/uploads\/2015\/07\/bastia-4-600x450.jpg\" data-orig-size=\"600,450\" data-comments-opened=\"1\" data-image-meta=\"{&quot;aperture&quot;:&quot;5.6&quot;,&quot;credit&quot;:&quot;Picasa&quot;,&quot;camera&quot;:&quot;DMC-TZ7&quot;,&quot;caption&quot;:&quot;&quot;,&quot;created_timestamp&quot;:&quot;1281717513&quot;,&quot;copyright&quot;:&quot;&quot;,&quot;focal_length&quot;:&quot;42.6&quot;,&quot;iso&quot;:&quot;80&quot;,&quot;shutter_speed&quot;:&quot;0.00125&quot;,&quot;title&quot;:&quot;&quot;,&quot;orientation&quot;:&quot;1&quot;}\" data-image-title=\"BASTIA\" data-image-description=\"\" data-medium-file=\"https:\/\/i1.wp.com\/chambresencorse.com\/wp-content\/uploads\/2015\/07\/bastia-4-600x450.jpg?fit=300%2C225&#038;ssl=1\" data-large-file=\"https:\/\/i1.wp.com\/chambresencorse.com\/wp-content\/uploads\/2015\/07\/bastia-4-600x450.jpg?fit=600%2C450&#038;ssl=1\" src=\"https:\/\/i1.wp.com\/chambresencorse.com\/wp-content\/uploads\/2015\/07\/bastia-4-600x450.jpg?w=416&#038;h=312&#038;ssl=1\" width=\"416\" height=\"312\" data-original-width=\"416\" data-original-height=\"312\" itemprop=\"http:\/\/schema.org\/image\" title=\"BASTIA\" alt=\"bastia\" style=\"width: 416px; height: 312px;\" \/> <\/a> <div class=\"tiled-gallery-caption\" itemprop=\"caption description\"> Maisons sur le vieux port de Bastia <\/div> <\/div> <\/div> <!-- close group --> <div class=\"gallery-group images-1\" style=\"width: 420px; height: 316px;\" data-original-width=\"420\" data-original-height=\"316\" > <div class=\"tiled-gallery-item tiled-gallery-item-large\" itemprop=\"associatedMedia\" itemscope itemtype=\"http:\/\/schema.org\/ImageObject\"> <a href=\"https:\/\/chambresencorse.com\/en\/bastia\/bastia-2-600x450\/\" border=\"0\" itemprop=\"url\"> <meta itemprop=\"width\" content=\"416\"> <meta itemprop=\"height\" content=\"312\"> <img data-attachment-id=\"175\" data-orig-file=\"https:\/\/chambresencorse.com\/wp-content\/uploads\/2015\/07\/bastia-2-600x450.jpg\" data-orig-size=\"600,450\" data-comments-opened=\"1\" data-image-meta=\"{&quot;aperture&quot;:&quot;5.3&quot;,&quot;credit&quot;:&quot;Picasa&quot;,&quot;camera&quot;:&quot;COOLPIX S9100&quot;,&quot;caption&quot;:&quot;&quot;,&quot;created_timestamp&quot;:&quot;1356601986&quot;,&quot;copyright&quot;:&quot;&quot;,&quot;focal_length&quot;:&quot;52.6&quot;,&quot;iso&quot;:&quot;160&quot;,&quot;shutter_speed&quot;:&quot;0.004&quot;,&quot;title&quot;:&quot;&quot;,&quot;orientation&quot;:&quot;1&quot;}\" data-image-title=\"Bastia\" data-image-description=\"\" data-medium-file=\"https:\/\/i2.wp.com\/chambresencorse.com\/wp-content\/uploads\/2015\/07\/bastia-2-600x450.jpg?fit=300%2C225&#038;ssl=1\" data-large-file=\"https:\/\/i2.wp.com\/chambresencorse.com\/wp-content\/uploads\/2015\/07\/bastia-2-600x450.jpg?fit=600%2C450&#038;ssl=1\" src=\"https:\/\/i2.wp.com\/chambresencorse.com\/wp-content\/uploads\/2015\/07\/bastia-2-600x450.jpg?w=416&#038;h=312&#038;ssl=1\" width=\"416\" height=\"312\" data-original-width=\"416\" data-original-height=\"312\" itemprop=\"http:\/\/schema.org\/image\" title=\"Bastia\" alt=\"bastia\" style=\"width: 416px; height: 312px;\" \/> <\/a> <div class=\"tiled-gallery-caption\" itemprop=\"caption description\"> La place St Nicolas \u00e0 Bastia <\/div> <\/div> <\/div> <!-- close group --> <\/div> <!-- close row --> <\/div>","protected":false},"excerpt":{"rendered":"<p>Our favorite city\u00a0\u00a0BASTIA<\/p>\n","protected":false},"author":2,"featured_media":175,"parent":0,"menu_order":0,"comment_status":"closed","ping_status":"open","template":"","meta":{"spay_email":""},"yoast_head":"<!-- This site is optimized with the Yoast SEO plugin v15.8 - https:\/\/yoast.com\/wordpress\/plugins\/seo\/ -->\n<title>Bastia - Chambres d&#039;h\u00f4tes en Corse<\/title>\n<meta name=\"description\" content=\"[:fr]Chambres d&#039;h\u00f4tes de Paul Henri Gaucher \u00e0 Vallecalle entre Bastia et St Florent. Situ\u00e9e dans le Nebbio entre Mer et Montagne \u00e0 25 km de Bastia.[:en]Bastia[:]\" \/>\n<meta name=\"robots\" content=\"index, follow, max-snippet:-1, max-image-preview:large, max-video-preview:-1\" \/>\n<link rel=\"canonical\" href=\"https:\/\/chambresencorse.com\/bastia\/\" \/>\n<meta property=\"og:locale\" content=\"en_US\" \/>\n<meta property=\"og:type\" content=\"article\" \/>\n<meta property=\"og:title\" content=\"Bastia - Chambres d&#039;h\u00f4tes en Corse\" \/>\n<meta property=\"og:description\" content=\"[:fr]Chambres d&#039;h\u00f4tes de Paul Henri Gaucher \u00e0 Vallecalle entre Bastia et St Florent. Situ\u00e9e dans le Nebbio entre Mer et Montagne \u00e0 25 km de Bastia.[:en]Bastia[:]\" \/>\n<meta property=\"og:url\" content=\"https:\/\/chambresencorse.com\/bastia\/\" \/>\n<meta property=\"og:site_name\" content=\"Chambres d&#039;h\u00f4tes en Corse\" \/>\n<meta property=\"article:modified_time\" content=\"2023-04-08T13:32:04+00:00\" \/>\n<meta property=\"og:image\" content=\"https:\/\/i2.wp.com\/chambresencorse.com\/wp-content\/uploads\/2015\/07\/bastia-2-600x450.jpg?fit=600%2C450&#038;ssl=1\" \/>\n\t<meta property=\"og:image:width\" content=\"600\" \/>\n\t<meta property=\"og:image:height\" content=\"450\" \/>\n<meta name=\"twitter:card\" content=\"summary\" \/>\n<meta name=\"twitter:label1\" content=\"Est. reading time\">\n\t<meta name=\"twitter:data1\" content=\"1 minute\">\n<script type=\"application\/ld+json\" class=\"yoast-schema-graph\">{\"@context\":\"https:\/\/schema.org\",\"@graph\":[{\"@type\":\"WebSite\",\"@id\":\"https:\/\/chambresencorse.com\/#website\",\"url\":\"https:\/\/chambresencorse.com\/\",\"name\":\"Chambres d&#039;h\\u00f4tes en Corse\",\"description\":\"Decouvrez Vallecalle\",\"potentialAction\":[{\"@type\":\"SearchAction\",\"target\":\"https:\/\/chambresencorse.com\/?s={search_term_string}\",\"query-input\":\"required name=search_term_string\"}],\"inLanguage\":\"en-US\"},{\"@type\":\"ImageObject\",\"@id\":\"https:\/\/chambresencorse.com\/bastia\/#primaryimage\",\"inLanguage\":\"en-US\",\"url\":\"https:\/\/i2.wp.com\/chambresencorse.com\/wp-content\/uploads\/2015\/07\/bastia-2-600x450.jpg?fit=600%2C450&ssl=1\",\"width\":600,\"height\":450,\"caption\":\"La place St Nicolas \\u00e0 Bastia\"},{\"@type\":\"WebPage\",\"@id\":\"https:\/\/chambresencorse.com\/bastia\/#webpage\",\"url\":\"https:\/\/chambresencorse.com\/bastia\/\",\"name\":\"Bastia - Chambres d&#039;h\\u00f4tes en Corse\",\"isPartOf\":{\"@id\":\"https:\/\/chambresencorse.com\/#website\"},\"primaryImageOfPage\":{\"@id\":\"https:\/\/chambresencorse.com\/bastia\/#primaryimage\"},\"datePublished\":\"2015-07-25T15:17:30+00:00\",\"dateModified\":\"2023-04-08T13:32:04+00:00\",\"description\":\"[:fr]Chambres d'h\\u00f4tes de Paul Henri Gaucher \\u00e0 Vallecalle entre Bastia et St Florent. Situ\\u00e9e dans le Nebbio entre Mer et Montagne \\u00e0 25 km de Bastia.[:en]Bastia[:]\",\"breadcrumb\":{\"@id\":\"https:\/\/chambresencorse.com\/bastia\/#breadcrumb\"},\"inLanguage\":\"en-US\",\"potentialAction\":[{\"@type\":\"ReadAction\",\"target\":[\"https:\/\/chambresencorse.com\/bastia\/\"]}]},{\"@type\":\"BreadcrumbList\",\"@id\":\"https:\/\/chambresencorse.com\/bastia\/#breadcrumb\",\"itemListElement\":[{\"@type\":\"ListItem\",\"position\":1,\"item\":{\"@type\":\"WebPage\",\"@id\":\"https:\/\/chambresencorse.com\/\",\"url\":\"https:\/\/chambresencorse.com\/\",\"name\":\"Accueil\"}},{\"@type\":\"ListItem\",\"position\":2,\"item\":{\"@type\":\"WebPage\",\"@id\":\"https:\/\/chambresencorse.com\/bastia\/\",\"url\":\"https:\/\/chambresencorse.com\/bastia\/\",\"name\":\"Bastia\"}}]}]}<\/script>\n<!-- \/ Yoast SEO plugin. -->","jetpack_sharing_enabled":true,"jetpack_shortlink":"https:\/\/wp.me\/P6vFkN-2N","_links":{"self":[{"href":"https:\/\/chambresencorse.com\/en\/wp-json\/wp\/v2\/pages\/173"}],"collection":[{"href":"https:\/\/chambresencorse.com\/en\/wp-json\/wp\/v2\/pages"}],"about":[{"href":"https:\/\/chambresencorse.com\/en\/wp-json\/wp\/v2\/types\/page"}],"author":[{"embeddable":true,"href":"https:\/\/chambresencorse.com\/en\/wp-json\/wp\/v2\/users\/2"}],"replies":[{"embeddable":true,"href":"https:\/\/chambresencorse.com\/en\/wp-json\/wp\/v2\/comments?post=173"}],"version-history":[{"count":1,"href":"https:\/\/chambresencorse.com\/en\/wp-json\/wp\/v2\/pages\/173\/revisions"}],"predecessor-version":[{"id":403,"href":"https:\/\/chambresencorse.com\/en\/wp-json\/wp\/v2\/pages\/173\/revisions\/403"}],"wp:featuredmedia":[{"embeddable":true,"href":"https:\/\/chambresencorse.com\/en\/wp-json\/wp\/v2\/media\/175"}],"wp:attachment":[{"href":"https:\/\/chambresencorse.com\/en\/wp-json\/wp\/v2\/media?parent=173"}],"curies":[{"name":"wp","href":"https:\/\/api.w.org\/{rel}","templated":true}]}}