{"id":162,"date":"2015-07-25T16:15:48","date_gmt":"2015-07-25T15:15:48","guid":{"rendered":"http:\/\/chambresencorse.com\/?page_id=162"},"modified":"2019-04-14T09:57:44","modified_gmt":"2019-04-14T08:57:44","slug":"le-cap-corse","status":"publish","type":"page","link":"https:\/\/chambresencorse.com\/en\/le-cap-corse\/","title":{"rendered":"The Cap Corse"},"content":{"rendered":"<div class=\"tiled-gallery type-rectangular tiled-gallery-unresized\" data-original-width=\"840\" data-carousel-extra='null' itemscope itemtype=\"http:\/\/schema.org\/ImageGallery\" > <div class=\"gallery-row\" style=\"width: 840px; height: 593px;\" data-original-width=\"840\" data-original-height=\"593\" > <div class=\"gallery-group images-2\" style=\"width: 394px; height: 593px;\" data-original-width=\"394\" data-original-height=\"593\" > <div class=\"tiled-gallery-item tiled-gallery-item-large\" itemprop=\"associatedMedia\" itemscope itemtype=\"http:\/\/schema.org\/ImageObject\"> <a href=\"https:\/\/chambresencorse.com\/en\/le-cap-corse\/cap-9-600x450\/\" border=\"0\" itemprop=\"url\"> <meta itemprop=\"width\" content=\"390\"> <meta itemprop=\"height\" content=\"293\"> <img data-attachment-id=\"170\" data-orig-file=\"https:\/\/chambresencorse.com\/wp-content\/uploads\/2015\/07\/cap-9-600x450.jpg\" data-orig-size=\"600,450\" data-comments-opened=\"1\" data-image-meta=\"{&quot;aperture&quot;:&quot;4&quot;,&quot;credit&quot;:&quot;Picasa&quot;,&quot;camera&quot;:&quot;DSC-H2&quot;,&quot;caption&quot;:&quot;&quot;,&quot;created_timestamp&quot;:&quot;1270920690&quot;,&quot;copyright&quot;:&quot;&quot;,&quot;focal_length&quot;:&quot;8&quot;,&quot;iso&quot;:&quot;80&quot;,&quot;shutter_speed&quot;:&quot;0.004&quot;,&quot;title&quot;:&quot;&quot;,&quot;orientation&quot;:&quot;1&quot;}\" data-image-title=\"Le cap corse\" data-image-description=\"\" data-medium-file=\"https:\/\/i2.wp.com\/chambresencorse.com\/wp-content\/uploads\/2015\/07\/cap-9-600x450.jpg?fit=300%2C225&#038;ssl=1\" data-large-file=\"https:\/\/i2.wp.com\/chambresencorse.com\/wp-content\/uploads\/2015\/07\/cap-9-600x450.jpg?fit=600%2C450&#038;ssl=1\" src=\"https:\/\/i2.wp.com\/chambresencorse.com\/wp-content\/uploads\/2015\/07\/cap-9-600x450.jpg?w=390&#038;h=293&#038;ssl=1\" width=\"390\" height=\"293\" data-original-width=\"390\" data-original-height=\"293\" itemprop=\"http:\/\/schema.org\/image\" title=\"Le cap corse\" alt=\"Bateaux de p\u00eacheurs du Cap corse\" style=\"width: 390px; height: 293px;\" \/> <\/a> <div class=\"tiled-gallery-caption\" itemprop=\"caption description\"> Bateaux de p\u00eacheurs du Cap corse <\/div> <\/div> <div class=\"tiled-gallery-item tiled-gallery-item-large\" itemprop=\"associatedMedia\" itemscope itemtype=\"http:\/\/schema.org\/ImageObject\"> <a href=\"https:\/\/chambresencorse.com\/en\/le-cap-corse\/cap-2-600x450-2\/\" border=\"0\" itemprop=\"url\"> <meta itemprop=\"width\" content=\"390\"> <meta itemprop=\"height\" content=\"292\"> <img data-attachment-id=\"163\" data-orig-file=\"https:\/\/chambresencorse.com\/wp-content\/uploads\/2015\/07\/cap-2-600x450-2.jpg\" data-orig-size=\"600,450\" data-comments-opened=\"1\" data-image-meta=\"{&quot;aperture&quot;:&quot;2.8&quot;,&quot;credit&quot;:&quot;Picasa&quot;,&quot;camera&quot;:&quot;Canon DIGITAL IXUS 85 IS&quot;,&quot;caption&quot;:&quot;&quot;,&quot;created_timestamp&quot;:&quot;1271526959&quot;,&quot;copyright&quot;:&quot;&quot;,&quot;focal_length&quot;:&quot;6.2&quot;,&quot;iso&quot;:&quot;80&quot;,&quot;shutter_speed&quot;:&quot;0.0015625&quot;,&quot;title&quot;:&quot;&quot;,&quot;orientation&quot;:&quot;1&quot;}\" data-image-title=\"Le cap corse\" data-image-description=\"\" data-medium-file=\"https:\/\/i1.wp.com\/chambresencorse.com\/wp-content\/uploads\/2015\/07\/cap-2-600x450-2.jpg?fit=300%2C225&#038;ssl=1\" data-large-file=\"https:\/\/i1.wp.com\/chambresencorse.com\/wp-content\/uploads\/2015\/07\/cap-2-600x450-2.jpg?fit=600%2C450&#038;ssl=1\" src=\"https:\/\/i1.wp.com\/chambresencorse.com\/wp-content\/uploads\/2015\/07\/cap-2-600x450-2.jpg?w=390&#038;h=292&#038;ssl=1\" width=\"390\" height=\"292\" data-original-width=\"390\" data-original-height=\"292\" itemprop=\"http:\/\/schema.org\/image\" title=\"Le cap corse\" alt=\"Nonza sur la c\u00f4te Ouest du Cap Corse\" style=\"width: 390px; height: 292px;\" \/> <\/a> <div class=\"tiled-gallery-caption\" itemprop=\"caption description\"> Nonza sur la c\u00f4te Ouest du Cap Corse <\/div> <\/div> <\/div> <!-- close group --> <div class=\"gallery-group images-1\" style=\"width: 446px; height: 593px;\" data-original-width=\"446\" data-original-height=\"593\" > <div class=\"tiled-gallery-item tiled-gallery-item-large\" itemprop=\"associatedMedia\" itemscope itemtype=\"http:\/\/schema.org\/ImageObject\"> <a href=\"https:\/\/chambresencorse.com\/en\/le-cap-corse\/cap-8-600x450\/\" border=\"0\" itemprop=\"url\"> <meta itemprop=\"width\" content=\"442\"> <meta itemprop=\"height\" content=\"589\"> <img data-attachment-id=\"169\" data-orig-file=\"https:\/\/chambresencorse.com\/wp-content\/uploads\/2015\/07\/cap-8-600x450.jpg\" data-orig-size=\"450,600\" data-comments-opened=\"1\" data-image-meta=\"{&quot;aperture&quot;:&quot;3.8&quot;,&quot;credit&quot;:&quot;Picasa&quot;,&quot;camera&quot;:&quot;COOLPIX S9100&quot;,&quot;caption&quot;:&quot;&quot;,&quot;created_timestamp&quot;:&quot;1349694426&quot;,&quot;copyright&quot;:&quot;&quot;,&quot;focal_length&quot;:&quot;5.9&quot;,&quot;iso&quot;:&quot;160&quot;,&quot;shutter_speed&quot;:&quot;0.0008&quot;,&quot;title&quot;:&quot;&quot;,&quot;orientation&quot;:&quot;1&quot;}\" data-image-title=\"La Cap Corse\" data-image-description=\"\" data-medium-file=\"https:\/\/i0.wp.com\/chambresencorse.com\/wp-content\/uploads\/2015\/07\/cap-8-600x450.jpg?fit=225%2C300&#038;ssl=1\" data-large-file=\"https:\/\/i0.wp.com\/chambresencorse.com\/wp-content\/uploads\/2015\/07\/cap-8-600x450.jpg?fit=450%2C600&#038;ssl=1\" src=\"https:\/\/i0.wp.com\/chambresencorse.com\/wp-content\/uploads\/2015\/07\/cap-8-600x450.jpg?w=442&#038;h=589&#038;ssl=1\" width=\"442\" height=\"589\" data-original-width=\"442\" data-original-height=\"589\" itemprop=\"http:\/\/schema.org\/image\" title=\"La Cap Corse\" alt=\"Hameaux du Cap Cose\" style=\"width: 442px; height: 589px;\" \/> <\/a> <div class=\"tiled-gallery-caption\" itemprop=\"caption description\"> Hameaux du Cap Cose <\/div> <\/div> <\/div> <!-- close group --> <\/div> <!-- close row --> <div class=\"gallery-row\" style=\"width: 840px; height: 704px;\" data-original-width=\"840\" data-original-height=\"704\" > <div class=\"gallery-group images-3\" style=\"width: 311px; height: 704px;\" data-original-width=\"311\" data-original-height=\"704\" > <div class=\"tiled-gallery-item tiled-gallery-item-large\" itemprop=\"associatedMedia\" itemscope itemtype=\"http:\/\/schema.org\/ImageObject\"> <a href=\"https:\/\/chambresencorse.com\/en\/le-cap-corse\/cap-7-600x450\/\" border=\"0\" itemprop=\"url\"> <meta itemprop=\"width\" content=\"307\"> <meta itemprop=\"height\" content=\"231\"> <img data-attachment-id=\"168\" data-orig-file=\"https:\/\/chambresencorse.com\/wp-content\/uploads\/2015\/07\/cap-7-600x450.jpg\" data-orig-size=\"600,450\" data-comments-opened=\"1\" data-image-meta=\"{&quot;aperture&quot;:&quot;7.2&quot;,&quot;credit&quot;:&quot;Picasa&quot;,&quot;camera&quot;:&quot;COOLPIX S9100&quot;,&quot;caption&quot;:&quot;&quot;,&quot;created_timestamp&quot;:&quot;1349696456&quot;,&quot;copyright&quot;:&quot;&quot;,&quot;focal_length&quot;:&quot;5.1&quot;,&quot;iso&quot;:&quot;160&quot;,&quot;shutter_speed&quot;:&quot;0.0015625&quot;,&quot;title&quot;:&quot;&quot;,&quot;orientation&quot;:&quot;1&quot;}\" data-image-title=\"Le cap Corse\" data-image-description=\"\" data-medium-file=\"https:\/\/i1.wp.com\/chambresencorse.com\/wp-content\/uploads\/2015\/07\/cap-7-600x450.jpg?fit=300%2C225&#038;ssl=1\" data-large-file=\"https:\/\/i1.wp.com\/chambresencorse.com\/wp-content\/uploads\/2015\/07\/cap-7-600x450.jpg?fit=600%2C450&#038;ssl=1\" src=\"https:\/\/i1.wp.com\/chambresencorse.com\/wp-content\/uploads\/2015\/07\/cap-7-600x450.jpg?w=307&#038;h=231&#038;ssl=1\" width=\"307\" height=\"231\" data-original-width=\"307\" data-original-height=\"231\" itemprop=\"http:\/\/schema.org\/image\" title=\"Le cap Corse\" alt=\"La marine d&#039;Erbalunga dans le Cap Cose\" style=\"width: 307px; height: 231px;\" \/> <\/a> <div class=\"tiled-gallery-caption\" itemprop=\"caption description\"> La marine d&#8217;Erbalunga dans le Cap Cose <\/div> <\/div> <div class=\"tiled-gallery-item tiled-gallery-item-large\" itemprop=\"associatedMedia\" itemscope itemtype=\"http:\/\/schema.org\/ImageObject\"> <a href=\"https:\/\/chambresencorse.com\/en\/le-cap-corse\/cap-5-600x450\/\" border=\"0\" itemprop=\"url\"> <meta itemprop=\"width\" content=\"307\"> <meta itemprop=\"height\" content=\"231\"> <img data-attachment-id=\"167\" data-orig-file=\"https:\/\/chambresencorse.com\/wp-content\/uploads\/2015\/07\/cap-5-600x450.jpg\" data-orig-size=\"600,450\" data-comments-opened=\"1\" data-image-meta=\"{&quot;aperture&quot;:&quot;4.6&quot;,&quot;credit&quot;:&quot;Picasa&quot;,&quot;camera&quot;:&quot;COOLPIX S9100&quot;,&quot;caption&quot;:&quot;&quot;,&quot;created_timestamp&quot;:&quot;1349697038&quot;,&quot;copyright&quot;:&quot;&quot;,&quot;focal_length&quot;:&quot;12.3&quot;,&quot;iso&quot;:&quot;160&quot;,&quot;shutter_speed&quot;:&quot;0.0015625&quot;,&quot;title&quot;:&quot;&quot;,&quot;orientation&quot;:&quot;1&quot;}\" data-image-title=\"Le Cap Corse\" data-image-description=\"\" data-medium-file=\"https:\/\/i0.wp.com\/chambresencorse.com\/wp-content\/uploads\/2015\/07\/cap-5-600x450.jpg?fit=300%2C225&#038;ssl=1\" data-large-file=\"https:\/\/i0.wp.com\/chambresencorse.com\/wp-content\/uploads\/2015\/07\/cap-5-600x450.jpg?fit=600%2C450&#038;ssl=1\" src=\"https:\/\/i0.wp.com\/chambresencorse.com\/wp-content\/uploads\/2015\/07\/cap-5-600x450.jpg?w=307&#038;h=231&#038;ssl=1\" width=\"307\" height=\"231\" data-original-width=\"307\" data-original-height=\"231\" itemprop=\"http:\/\/schema.org\/image\" title=\"Le Cap Corse\" alt=\"La marine d&#039;Erbalunga dans le cap Corse\" style=\"width: 307px; height: 231px;\" \/> <\/a> <div class=\"tiled-gallery-caption\" itemprop=\"caption description\"> La marine d&#8217;Erbalunga dans le cap Corse <\/div> <\/div> <div class=\"tiled-gallery-item tiled-gallery-item-large\" itemprop=\"associatedMedia\" itemscope itemtype=\"http:\/\/schema.org\/ImageObject\"> <a href=\"https:\/\/chambresencorse.com\/en\/le-cap-corse\/cap-3-600x450\/\" border=\"0\" itemprop=\"url\"> <meta itemprop=\"width\" content=\"307\"> <meta itemprop=\"height\" content=\"230\"> <img data-attachment-id=\"166\" data-orig-file=\"https:\/\/chambresencorse.com\/wp-content\/uploads\/2015\/07\/cap-3-600x450.jpg\" data-orig-size=\"600,450\" data-comments-opened=\"1\" data-image-meta=\"{&quot;aperture&quot;:&quot;4.5&quot;,&quot;credit&quot;:&quot;Picasa&quot;,&quot;camera&quot;:&quot;DMC-TZ7&quot;,&quot;caption&quot;:&quot;&quot;,&quot;created_timestamp&quot;:&quot;1345302103&quot;,&quot;copyright&quot;:&quot;&quot;,&quot;focal_length&quot;:&quot;4.1&quot;,&quot;iso&quot;:&quot;125&quot;,&quot;shutter_speed&quot;:&quot;0.002&quot;,&quot;title&quot;:&quot;&quot;,&quot;orientation&quot;:&quot;1&quot;}\" data-image-title=\"Le cap Corse\" data-image-description=\"\" data-medium-file=\"https:\/\/i0.wp.com\/chambresencorse.com\/wp-content\/uploads\/2015\/07\/cap-3-600x450.jpg?fit=300%2C225&#038;ssl=1\" data-large-file=\"https:\/\/i0.wp.com\/chambresencorse.com\/wp-content\/uploads\/2015\/07\/cap-3-600x450.jpg?fit=600%2C450&#038;ssl=1\" src=\"https:\/\/i0.wp.com\/chambresencorse.com\/wp-content\/uploads\/2015\/07\/cap-3-600x450.jpg?w=307&#038;h=230&#038;ssl=1\" width=\"307\" height=\"230\" data-original-width=\"307\" data-original-height=\"230\" itemprop=\"http:\/\/schema.org\/image\" title=\"Le cap Corse\" alt=\"la c\u00f4tes Ouest du Cap Corse avec ces criques paradisiaques\" style=\"width: 307px; height: 230px;\" \/> <\/a> <div class=\"tiled-gallery-caption\" itemprop=\"caption description\"> la c\u00f4tes Ouest du Cap Corse avec ces criques paradisiaques <\/div> <\/div> <\/div> <!-- close group --> <div class=\"gallery-group images-1\" style=\"width: 529px; height: 704px;\" data-original-width=\"529\" data-original-height=\"704\" > <div class=\"tiled-gallery-item tiled-gallery-item-large\" itemprop=\"associatedMedia\" itemscope itemtype=\"http:\/\/schema.org\/ImageObject\"> <a href=\"https:\/\/chambresencorse.com\/en\/le-cap-corse\/cap-3-600x450-2\/\" border=\"0\" itemprop=\"url\"> <meta itemprop=\"width\" content=\"525\"> <meta itemprop=\"height\" content=\"700\"> <img data-attachment-id=\"165\" data-orig-file=\"https:\/\/chambresencorse.com\/wp-content\/uploads\/2015\/07\/cap-3-600x450-2.jpg\" data-orig-size=\"450,600\" data-comments-opened=\"1\" data-image-meta=\"{&quot;aperture&quot;:&quot;5.9&quot;,&quot;credit&quot;:&quot;Picasa&quot;,&quot;camera&quot;:&quot;COOLPIX S9100&quot;,&quot;caption&quot;:&quot;&quot;,&quot;created_timestamp&quot;:&quot;1349704146&quot;,&quot;copyright&quot;:&quot;&quot;,&quot;focal_length&quot;:&quot;81&quot;,&quot;iso&quot;:&quot;160&quot;,&quot;shutter_speed&quot;:&quot;0.0025&quot;,&quot;title&quot;:&quot;&quot;,&quot;orientation&quot;:&quot;1&quot;}\" data-image-title=\"le cap corse\" data-image-description=\"\" data-medium-file=\"https:\/\/i0.wp.com\/chambresencorse.com\/wp-content\/uploads\/2015\/07\/cap-3-600x450-2.jpg?fit=225%2C300&#038;ssl=1\" data-large-file=\"https:\/\/i0.wp.com\/chambresencorse.com\/wp-content\/uploads\/2015\/07\/cap-3-600x450-2.jpg?fit=450%2C600&#038;ssl=1\" src=\"https:\/\/i0.wp.com\/chambresencorse.com\/wp-content\/uploads\/2015\/07\/cap-3-600x450-2.jpg?w=525&#038;h=700&#038;ssl=1\" width=\"525\" height=\"700\" data-original-width=\"525\" data-original-height=\"700\" itemprop=\"http:\/\/schema.org\/image\" title=\"le cap corse\" alt=\"Le cap Corse\" style=\"width: 525px; height: 700px;\" \/> <\/a> <div class=\"tiled-gallery-caption\" itemprop=\"caption description\"> Le cap Corse <\/div> <\/div> <\/div> <!-- close group --> <\/div> <!-- close row --> <div class=\"gallery-row\" style=\"width: 840px; height: 631px;\" data-original-width=\"840\" data-original-height=\"631\" > <div class=\"gallery-group images-1\" style=\"width: 840px; height: 631px;\" data-original-width=\"840\" data-original-height=\"631\" > <div class=\"tiled-gallery-item tiled-gallery-item-large\" itemprop=\"associatedMedia\" itemscope itemtype=\"http:\/\/schema.org\/ImageObject\"> <a href=\"https:\/\/chambresencorse.com\/en\/le-cap-corse\/cap-2-600x450\/\" border=\"0\" itemprop=\"url\"> <meta itemprop=\"width\" content=\"836\"> <meta itemprop=\"height\" content=\"627\"> <img data-attachment-id=\"164\" data-orig-file=\"https:\/\/chambresencorse.com\/wp-content\/uploads\/2015\/07\/cap-2-600x450.jpg\" data-orig-size=\"600,450\" data-comments-opened=\"1\" data-image-meta=\"{&quot;aperture&quot;:&quot;4.5&quot;,&quot;credit&quot;:&quot;Picasa&quot;,&quot;camera&quot;:&quot;DMC-TZ7&quot;,&quot;caption&quot;:&quot;&quot;,&quot;created_timestamp&quot;:&quot;1314030625&quot;,&quot;copyright&quot;:&quot;&quot;,&quot;focal_length&quot;:&quot;11&quot;,&quot;iso&quot;:&quot;80&quot;,&quot;shutter_speed&quot;:&quot;0.0025&quot;,&quot;title&quot;:&quot;&quot;,&quot;orientation&quot;:&quot;1&quot;}\" data-image-title=\"Le cap corse\" data-image-description=\"\" data-medium-file=\"https:\/\/i2.wp.com\/chambresencorse.com\/wp-content\/uploads\/2015\/07\/cap-2-600x450.jpg?fit=300%2C225&#038;ssl=1\" data-large-file=\"https:\/\/i2.wp.com\/chambresencorse.com\/wp-content\/uploads\/2015\/07\/cap-2-600x450.jpg?fit=600%2C450&#038;ssl=1\" src=\"https:\/\/i2.wp.com\/chambresencorse.com\/wp-content\/uploads\/2015\/07\/cap-2-600x450.jpg?w=836&#038;h=627&#038;ssl=1\" width=\"836\" height=\"627\" data-original-width=\"836\" data-original-height=\"627\" itemprop=\"http:\/\/schema.org\/image\" title=\"Le cap corse\" alt=\"La c\u00f4te Ouest du Cap Corse\" style=\"width: 836px; height: 627px;\" \/> <\/a> <div class=\"tiled-gallery-caption\" itemprop=\"caption description\"> La c\u00f4te Ouest du Cap Corse <\/div> <\/div> <\/div> <!-- close group --> <\/div> <!-- close row --> <\/div>","protected":false},"excerpt":{"rendered":"<p>Sorry, this entry is only available in French.<\/p>\n","protected":false},"author":2,"featured_media":0,"parent":0,"menu_order":0,"comment_status":"closed","ping_status":"open","template":"","meta":{"spay_email":""},"yoast_head":"<!-- This site is optimized with the Yoast SEO plugin v15.8 - https:\/\/yoast.com\/wordpress\/plugins\/seo\/ -->\n<title>The Cap Corse - Chambres d&#039;h\u00f4tes en Corse<\/title>\n<meta name=\"description\" content=\"De la maison vous pourrez d\u00e9couvrir le cap corse une des plus belles r\u00e9gions de Corse .Depuis Vallecalle d\u00e9couvrez le cap corse c\u00f4te Ouest et C\u00f4te Est.\" \/>\n<meta name=\"robots\" content=\"index, follow, max-snippet:-1, max-image-preview:large, max-video-preview:-1\" \/>\n<link rel=\"canonical\" href=\"https:\/\/chambresencorse.com\/le-cap-corse\/\" \/>\n<meta property=\"og:locale\" content=\"en_US\" \/>\n<meta property=\"og:type\" content=\"article\" \/>\n<meta property=\"og:title\" content=\"[:fr]le cap corse[:en]The Cap Corse[:] - Chambres d&#039;h\u00f4tes en Corse\" \/>\n<meta property=\"og:description\" content=\"De la maison vous pourrez d\u00e9couvrir le cap corse une des plus belles r\u00e9gions de Corse .Depuis Vallecalle d\u00e9couvrez le cap corse c\u00f4te Ouest et C\u00f4te Est.\" \/>\n<meta property=\"og:url\" content=\"https:\/\/chambresencorse.com\/le-cap-corse\/\" \/>\n<meta property=\"og:site_name\" content=\"Chambres d&#039;h\u00f4tes en Corse\" \/>\n<meta property=\"article:modified_time\" content=\"2019-04-14T08:57:44+00:00\" \/>\n<meta property=\"og:image\" content=\"https:\/\/i1.wp.com\/chambresencorse.com\/wp-content\/uploads\/2015\/07\/cap-2-600x450-2.jpg?w=390&#038;h=293&#038;ssl=1\" \/>\n<meta name=\"twitter:card\" content=\"summary\" \/>\n<script type=\"application\/ld+json\" class=\"yoast-schema-graph\">{\"@context\":\"https:\/\/schema.org\",\"@graph\":[{\"@type\":\"WebSite\",\"@id\":\"https:\/\/chambresencorse.com\/#website\",\"url\":\"https:\/\/chambresencorse.com\/\",\"name\":\"Chambres d&#039;h\\u00f4tes en Corse\",\"description\":\"Decouvrez Vallecalle\",\"potentialAction\":[{\"@type\":\"SearchAction\",\"target\":\"https:\/\/chambresencorse.com\/?s={search_term_string}\",\"query-input\":\"required name=search_term_string\"}],\"inLanguage\":\"en-US\"},{\"@type\":\"WebPage\",\"@id\":\"https:\/\/chambresencorse.com\/le-cap-corse\/#webpage\",\"url\":\"https:\/\/chambresencorse.com\/le-cap-corse\/\",\"name\":\"[:fr]le cap corse[:en]The Cap Corse[:] - Chambres d&#039;h\\u00f4tes en Corse\",\"isPartOf\":{\"@id\":\"https:\/\/chambresencorse.com\/#website\"},\"datePublished\":\"2015-07-25T15:15:48+00:00\",\"dateModified\":\"2019-04-14T08:57:44+00:00\",\"description\":\"De la maison vous pourrez d\\u00e9couvrir le cap corse une des plus belles r\\u00e9gions de Corse .Depuis Vallecalle d\\u00e9couvrez le cap corse c\\u00f4te Ouest et C\\u00f4te Est.\",\"breadcrumb\":{\"@id\":\"https:\/\/chambresencorse.com\/le-cap-corse\/#breadcrumb\"},\"inLanguage\":\"en-US\",\"potentialAction\":[{\"@type\":\"ReadAction\",\"target\":[\"https:\/\/chambresencorse.com\/le-cap-corse\/\"]}]},{\"@type\":\"BreadcrumbList\",\"@id\":\"https:\/\/chambresencorse.com\/le-cap-corse\/#breadcrumb\",\"itemListElement\":[{\"@type\":\"ListItem\",\"position\":1,\"item\":{\"@type\":\"WebPage\",\"@id\":\"https:\/\/chambresencorse.com\/\",\"url\":\"https:\/\/chambresencorse.com\/\",\"name\":\"Accueil\"}},{\"@type\":\"ListItem\",\"position\":2,\"item\":{\"@type\":\"WebPage\",\"@id\":\"https:\/\/chambresencorse.com\/le-cap-corse\/\",\"url\":\"https:\/\/chambresencorse.com\/le-cap-corse\/\",\"name\":\"le cap corse\"}}]}]}<\/script>\n<!-- \/ Yoast SEO plugin. -->","jetpack_sharing_enabled":true,"jetpack_shortlink":"https:\/\/wp.me\/P6vFkN-2C","_links":{"self":[{"href":"https:\/\/chambresencorse.com\/en\/wp-json\/wp\/v2\/pages\/162"}],"collection":[{"href":"https:\/\/chambresencorse.com\/en\/wp-json\/wp\/v2\/pages"}],"about":[{"href":"https:\/\/chambresencorse.com\/en\/wp-json\/wp\/v2\/types\/page"}],"author":[{"embeddable":true,"href":"https:\/\/chambresencorse.com\/en\/wp-json\/wp\/v2\/users\/2"}],"replies":[{"embeddable":true,"href":"https:\/\/chambresencorse.com\/en\/wp-json\/wp\/v2\/comments?post=162"}],"version-history":[{"count":0,"href":"https:\/\/chambresencorse.com\/en\/wp-json\/wp\/v2\/pages\/162\/revisions"}],"wp:attachment":[{"href":"https:\/\/chambresencorse.com\/en\/wp-json\/wp\/v2\/media?parent=162"}],"curies":[{"name":"wp","href":"https:\/\/api.w.org\/{rel}","templated":true}]}}