{"id":141,"date":"2015-07-25T16:08:08","date_gmt":"2015-07-25T15:08:08","guid":{"rendered":"http:\/\/chambresencorse.com\/?page_id=141"},"modified":"2021-12-11T17:37:39","modified_gmt":"2021-12-11T16:37:39","slug":"la-region","status":"publish","type":"page","link":"https:\/\/chambresencorse.com\/en\/la-region\/","title":{"rendered":"THE R\u00c9GION"},"content":{"rendered":"<p class=\"qtranxs-available-languages-message qtranxs-available-languages-message-en\">Sorry, this entry is only available in <a href=\"https:\/\/chambresencorse.com\/fr\/wp-json\/wp\/v2\/pages\/141\" class=\"qtranxs-available-language-link qtranxs-available-language-link-fr\" title=\"Fran\u00e7ais\">French<\/a>.<\/p>","protected":false},"excerpt":{"rendered":"<p>Sorry, this entry is only available in French.<\/p>\n","protected":false},"author":2,"featured_media":0,"parent":0,"menu_order":0,"comment_status":"closed","ping_status":"open","template":"","meta":{"spay_email":""},"yoast_head":"<!-- This site is optimized with the Yoast SEO plugin v15.8 - https:\/\/yoast.com\/wordpress\/plugins\/seo\/ -->\n<title>THE R\u00c9GION - Chambres d&#039;h\u00f4tes en Corse<\/title>\n<meta name=\"description\" content=\"[:fr]la r\u00e9gion du Nebbiu est proche de Bastia et de St Florent. elle est situ\u00e9 \u00e0 proximit\u00e9 du Cap Corse et du d\u00e9sert des Agriates[:]\" \/>\n<meta name=\"robots\" content=\"index, follow, max-snippet:-1, max-image-preview:large, max-video-preview:-1\" \/>\n<link rel=\"canonical\" href=\"https:\/\/chambresencorse.com\/la-region\/\" \/>\n<meta property=\"og:locale\" content=\"en_US\" \/>\n<meta property=\"og:type\" content=\"article\" \/>\n<meta property=\"og:title\" content=\"[:fr]LA REGION[:en]THE R\u00c9GION[:] - Chambres d&#039;h\u00f4tes en Corse\" \/>\n<meta property=\"og:description\" content=\"[:fr]la r\u00e9gion du Nebbiu est proche de Bastia et de St Florent. elle est situ\u00e9 \u00e0 proximit\u00e9 du Cap Corse et du d\u00e9sert des Agriates[:]\" \/>\n<meta property=\"og:url\" content=\"https:\/\/chambresencorse.com\/la-region\/\" \/>\n<meta property=\"og:site_name\" content=\"Chambres d&#039;h\u00f4tes en Corse\" \/>\n<meta property=\"article:modified_time\" content=\"2021-12-11T16:37:39+00:00\" \/>\n<meta property=\"og:image\" content=\"https:\/\/chambresencorse.com\/wp-content\/uploads\/2015\/07\/agriates-2-600x450.jpg\" \/>\n<meta name=\"twitter:card\" content=\"summary\" \/>\n<script type=\"application\/ld+json\" class=\"yoast-schema-graph\">{\"@context\":\"https:\/\/schema.org\",\"@graph\":[{\"@type\":\"WebSite\",\"@id\":\"https:\/\/chambresencorse.com\/#website\",\"url\":\"https:\/\/chambresencorse.com\/\",\"name\":\"Chambres d&#039;h\\u00f4tes en Corse\",\"description\":\"Decouvrez Vallecalle\",\"potentialAction\":[{\"@type\":\"SearchAction\",\"target\":\"https:\/\/chambresencorse.com\/?s={search_term_string}\",\"query-input\":\"required name=search_term_string\"}],\"inLanguage\":\"en-US\"},{\"@type\":\"ImageObject\",\"@id\":\"https:\/\/chambresencorse.com\/la-region\/#primaryimage\",\"inLanguage\":\"en-US\",\"url\":\"https:\/\/chambresencorse.com\/wp-content\/uploads\/2015\/07\/agriates-2-600x450.jpg\"},{\"@type\":\"WebPage\",\"@id\":\"https:\/\/chambresencorse.com\/la-region\/#webpage\",\"url\":\"https:\/\/chambresencorse.com\/la-region\/\",\"name\":\"[:fr]LA REGION[:en]THE R\\u00c9GION[:] - Chambres d&#039;h\\u00f4tes en Corse\",\"isPartOf\":{\"@id\":\"https:\/\/chambresencorse.com\/#website\"},\"primaryImageOfPage\":{\"@id\":\"https:\/\/chambresencorse.com\/la-region\/#primaryimage\"},\"datePublished\":\"2015-07-25T15:08:08+00:00\",\"dateModified\":\"2021-12-11T16:37:39+00:00\",\"description\":\"[:fr]la r\\u00e9gion du Nebbiu est proche de Bastia et de St Florent. elle est situ\\u00e9 \\u00e0 proximit\\u00e9 du Cap Corse et du d\\u00e9sert des Agriates[:]\",\"breadcrumb\":{\"@id\":\"https:\/\/chambresencorse.com\/la-region\/#breadcrumb\"},\"inLanguage\":\"en-US\",\"potentialAction\":[{\"@type\":\"ReadAction\",\"target\":[\"https:\/\/chambresencorse.com\/la-region\/\"]}]},{\"@type\":\"BreadcrumbList\",\"@id\":\"https:\/\/chambresencorse.com\/la-region\/#breadcrumb\",\"itemListElement\":[{\"@type\":\"ListItem\",\"position\":1,\"item\":{\"@type\":\"WebPage\",\"@id\":\"https:\/\/chambresencorse.com\/\",\"url\":\"https:\/\/chambresencorse.com\/\",\"name\":\"Accueil\"}},{\"@type\":\"ListItem\",\"position\":2,\"item\":{\"@type\":\"WebPage\",\"@id\":\"https:\/\/chambresencorse.com\/la-region\/\",\"url\":\"https:\/\/chambresencorse.com\/la-region\/\",\"name\":\"LA REGION\"}}]}]}<\/script>\n<!-- \/ Yoast SEO plugin. -->","jetpack_sharing_enabled":true,"jetpack_shortlink":"https:\/\/wp.me\/P6vFkN-2h","_links":{"self":[{"href":"https:\/\/chambresencorse.com\/en\/wp-json\/wp\/v2\/pages\/141"}],"collection":[{"href":"https:\/\/chambresencorse.com\/en\/wp-json\/wp\/v2\/pages"}],"about":[{"href":"https:\/\/chambresencorse.com\/en\/wp-json\/wp\/v2\/types\/page"}],"author":[{"embeddable":true,"href":"https:\/\/chambresencorse.com\/en\/wp-json\/wp\/v2\/users\/2"}],"replies":[{"embeddable":true,"href":"https:\/\/chambresencorse.com\/en\/wp-json\/wp\/v2\/comments?post=141"}],"version-history":[{"count":1,"href":"https:\/\/chambresencorse.com\/en\/wp-json\/wp\/v2\/pages\/141\/revisions"}],"predecessor-version":[{"id":410,"href":"https:\/\/chambresencorse.com\/en\/wp-json\/wp\/v2\/pages\/141\/revisions\/410"}],"wp:attachment":[{"href":"https:\/\/chambresencorse.com\/en\/wp-json\/wp\/v2\/media?parent=141"}],"curies":[{"name":"wp","href":"https:\/\/api.w.org\/{rel}","templated":true}]}}