{"id":125,"date":"2015-07-25T15:53:59","date_gmt":"2015-07-25T14:53:59","guid":{"rendered":"http:\/\/chambresencorse.com\/?page_id=125"},"modified":"2026-01-11T15:24:11","modified_gmt":"2026-01-11T14:24:11","slug":"la-suite","status":"publish","type":"page","link":"https:\/\/chambresencorse.com\/en\/la-suite\/","title":{"rendered":"The Suite"},"content":{"rendered":"<strong>with\u00a0<\/strong><strong>two bedrooms<\/strong><strong>,\u00a0and a lounge<\/strong>,\u00a0<strong>for 1 to 4 persons<\/strong><\/p>\n<table width=\"100%\">\n<tbody>\n<tr>\n<td width=\"42\"><\/td>\n<td width=\"100%\">two beds for two persons (in each room), and one lounge, with bathroom and WC<\/td>\n<\/tr>\n<\/tbody>\n<\/table>\n<table style=\"width: 99.9264%; height: 48px;\">\n<tbody>\n<tr style=\"height: 24px;\">\n<td style=\"width: 322px; height: 24px;\">1 pers.<\/td>\n<td style=\"width: 322px; height: 24px;\">2 pers.<\/td>\n<td style=\"width: 357px; height: 24px;\">3 pers.<\/td>\n<td style=\"width: 357px; height: 24px;\">4 pers.<\/td>\n<\/tr>\n<tr style=\"height: 24px;\">\n<td style=\"width: 322px; height: 24px;\"><strong>70 euros<\/strong><\/td>\n<td style=\"width: 322px; height: 24px;\"><strong>82 euros<\/strong><\/td>\n<td style=\"width: 357px; height: 24px;\"><strong>115 euros<\/strong><\/td>\n<td style=\"width: 357px; height: 24px;\"><strong>145 euros<\/strong><\/td>\n<\/tr>\n<\/tbody>\n<\/table>\n<div class=\"tiled-gallery type-rectangular tiled-gallery-unresized\" data-original-width=\"840\" data-carousel-extra='null' itemscope itemtype=\"http:\/\/schema.org\/ImageGallery\" > <div class=\"gallery-row\" style=\"width: 840px; height: 421px;\" data-original-width=\"840\" data-original-height=\"421\" > <div class=\"gallery-group images-1\" style=\"width: 560px; height: 421px;\" data-original-width=\"560\" data-original-height=\"421\" > <div class=\"tiled-gallery-item tiled-gallery-item-large\" itemprop=\"associatedMedia\" itemscope itemtype=\"http:\/\/schema.org\/ImageObject\"> <a href=\"https:\/\/chambresencorse.com\/en\/olympus-digital-camera-3\/\" border=\"0\" itemprop=\"url\"> <meta itemprop=\"width\" content=\"556\"> <meta itemprop=\"height\" content=\"417\"> <img data-attachment-id=\"62\" data-orig-file=\"https:\/\/chambresencorse.com\/wp-content\/uploads\/2015\/07\/chambre_muratu.jpg\" data-orig-size=\"800,600\" data-comments-opened=\"1\" data-image-meta=\"{&quot;aperture&quot;:&quot;3.1&quot;,&quot;credit&quot;:&quot;&quot;,&quot;camera&quot;:&quot;X500,D590Z,C470Z&quot;,&quot;caption&quot;:&quot;OLYMPUS DIGITAL CAMERA&quot;,&quot;created_timestamp&quot;:&quot;1235746997&quot;,&quot;copyright&quot;:&quot;&quot;,&quot;focal_length&quot;:&quot;5.8&quot;,&quot;iso&quot;:&quot;100&quot;,&quot;shutter_speed&quot;:&quot;0.033333333333333&quot;,&quot;title&quot;:&quot;OLYMPUS DIGITAL CAMERA&quot;,&quot;orientation&quot;:&quot;1&quot;}\" data-image-title=\"la suite\" data-image-description=\"\" data-medium-file=\"https:\/\/i0.wp.com\/chambresencorse.com\/wp-content\/uploads\/2015\/07\/chambre_muratu.jpg?fit=300%2C225&#038;ssl=1\" data-large-file=\"https:\/\/i0.wp.com\/chambresencorse.com\/wp-content\/uploads\/2015\/07\/chambre_muratu.jpg?fit=800%2C600&#038;ssl=1\" src=\"https:\/\/i0.wp.com\/chambresencorse.com\/wp-content\/uploads\/2015\/07\/chambre_muratu.jpg?w=556&#038;h=417&#038;ssl=1\" width=\"556\" height=\"417\" data-original-width=\"556\" data-original-height=\"417\" itemprop=\"http:\/\/schema.org\/image\" title=\"la suite\" alt=\"la suite - une chambre pour deux personnes\" style=\"width: 556px; height: 417px;\" \/> <\/a> <div class=\"tiled-gallery-caption\" itemprop=\"caption description\"> la suite &#8211; une chambre pour deux personnes <\/div> <\/div> <\/div> <!-- close group --> <div class=\"gallery-group images-2\" style=\"width: 280px; height: 421px;\" data-original-width=\"280\" data-original-height=\"421\" > <div class=\"tiled-gallery-item tiled-gallery-item-large\" itemprop=\"associatedMedia\" itemscope itemtype=\"http:\/\/schema.org\/ImageObject\"> <a href=\"https:\/\/chambresencorse.com\/en\/olympus-digital-camera-2\/\" border=\"0\" itemprop=\"url\"> <meta itemprop=\"width\" content=\"276\"> <meta itemprop=\"height\" content=\"207\"> <img data-attachment-id=\"61\" data-orig-file=\"https:\/\/chambresencorse.com\/wp-content\/uploads\/2015\/07\/chambre_conca_oru.jpg\" data-orig-size=\"800,600\" data-comments-opened=\"1\" data-image-meta=\"{&quot;aperture&quot;:&quot;3.1&quot;,&quot;credit&quot;:&quot;&quot;,&quot;camera&quot;:&quot;X500,D590Z,C470Z&quot;,&quot;caption&quot;:&quot;OLYMPUS DIGITAL CAMERA&quot;,&quot;created_timestamp&quot;:&quot;1235744894&quot;,&quot;copyright&quot;:&quot;&quot;,&quot;focal_length&quot;:&quot;5.8&quot;,&quot;iso&quot;:&quot;125&quot;,&quot;shutter_speed&quot;:&quot;0.033333333333333&quot;,&quot;title&quot;:&quot;OLYMPUS DIGITAL CAMERA&quot;,&quot;orientation&quot;:&quot;1&quot;}\" data-image-title=\"la suite\" data-image-description=\"\" data-medium-file=\"https:\/\/i0.wp.com\/chambresencorse.com\/wp-content\/uploads\/2015\/07\/chambre_conca_oru.jpg?fit=300%2C225&#038;ssl=1\" data-large-file=\"https:\/\/i0.wp.com\/chambresencorse.com\/wp-content\/uploads\/2015\/07\/chambre_conca_oru.jpg?fit=800%2C600&#038;ssl=1\" src=\"https:\/\/i0.wp.com\/chambresencorse.com\/wp-content\/uploads\/2015\/07\/chambre_conca_oru.jpg?w=276&#038;h=207&#038;ssl=1\" width=\"276\" height=\"207\" data-original-width=\"276\" data-original-height=\"207\" itemprop=\"http:\/\/schema.org\/image\" title=\"la suite\" alt=\"la suite - Une chambre pour deux personnes\" style=\"width: 276px; height: 207px;\" \/> <\/a> <div class=\"tiled-gallery-caption\" itemprop=\"caption description\"> la suite &#8211; Une chambre pour deux personnes <\/div> <\/div> <div class=\"tiled-gallery-item tiled-gallery-item-large\" itemprop=\"associatedMedia\" itemscope itemtype=\"http:\/\/schema.org\/ImageObject\"> <a href=\"https:\/\/chambresencorse.com\/en\/olympus-digital-camera-21\/\" border=\"0\" itemprop=\"url\"> <meta itemprop=\"width\" content=\"276\"> <meta itemprop=\"height\" content=\"206\"> <img data-attachment-id=\"112\" data-orig-file=\"https:\/\/chambresencorse.com\/wp-content\/uploads\/2015\/07\/salon1.jpg\" data-orig-size=\"800,600\" data-comments-opened=\"1\" data-image-meta=\"{&quot;aperture&quot;:&quot;3.1&quot;,&quot;credit&quot;:&quot;&quot;,&quot;camera&quot;:&quot;X500,D590Z,C470Z&quot;,&quot;caption&quot;:&quot;OLYMPUS DIGITAL CAMERA&quot;,&quot;created_timestamp&quot;:&quot;1235745884&quot;,&quot;copyright&quot;:&quot;&quot;,&quot;focal_length&quot;:&quot;5.8&quot;,&quot;iso&quot;:&quot;64&quot;,&quot;shutter_speed&quot;:&quot;0.02&quot;,&quot;title&quot;:&quot;OLYMPUS DIGITAL CAMERA&quot;,&quot;orientation&quot;:&quot;1&quot;}\" data-image-title=\"OLYMPUS DIGITAL CAMERA\" data-image-description=\"\" data-medium-file=\"https:\/\/i2.wp.com\/chambresencorse.com\/wp-content\/uploads\/2015\/07\/salon1.jpg?fit=300%2C225&#038;ssl=1\" data-large-file=\"https:\/\/i2.wp.com\/chambresencorse.com\/wp-content\/uploads\/2015\/07\/salon1.jpg?fit=800%2C600&#038;ssl=1\" src=\"https:\/\/i2.wp.com\/chambresencorse.com\/wp-content\/uploads\/2015\/07\/salon1.jpg?w=276&#038;h=206&#038;ssl=1\" width=\"276\" height=\"206\" data-original-width=\"276\" data-original-height=\"206\" itemprop=\"http:\/\/schema.org\/image\" title=\"OLYMPUS DIGITAL CAMERA\" alt=\"le salon de la suite\" style=\"width: 276px; height: 206px;\" \/> <\/a> <div class=\"tiled-gallery-caption\" itemprop=\"caption description\"> le salon de la suite <\/div> <\/div> <\/div> <!-- close group --> <\/div> <!-- close row --> <\/div>\n<p><a href=\"https:\/\/i0.wp.com\/chambresencorse.com\/wp-content\/uploads\/2015\/07\/plan-2i\u00e8me-\u00e9tage.png?ssl=1\" rel=\"attachment wp-att-240\"><img loading=\"lazy\" class=\"wp-image-240 aligncenter\" src=\"https:\/\/i0.wp.com\/chambresencorse.com\/wp-content\/uploads\/2015\/07\/plan-2i\u00e8me-\u00e9tage.png?resize=659%2C415&#038;ssl=1\" alt=\"plan 2i\u00e8me \u00e9tage\" width=\"659\" height=\"415\" srcset=\"https:\/\/i0.wp.com\/chambresencorse.com\/wp-content\/uploads\/2015\/07\/plan-2i\u00e8me-\u00e9tage.png?resize=300%2C189&amp;ssl=1 300w, https:\/\/i0.wp.com\/chambresencorse.com\/wp-content\/uploads\/2015\/07\/plan-2i\u00e8me-\u00e9tage.png?w=618&amp;ssl=1 618w\" sizes=\"(max-width: 659px) 100vw, 659px\" data-recalc-dims=\"1\" \/><\/a>","protected":false},"excerpt":{"rendered":"<p>with\u00a0two bedrooms,\u00a0and a lounge,\u00a0for 1 to 4 persons two beds for two persons (in each room), and one lounge, with bathroom and WC 1 pers. 2 pers. 3 pers. 4 pers. 70 euros 82 euros 115 euros 145 euros<\/p>\n","protected":false},"author":2,"featured_media":0,"parent":0,"menu_order":0,"comment_status":"closed","ping_status":"open","template":"","meta":{"spay_email":""},"yoast_head":"<!-- This site is optimized with the Yoast SEO plugin v15.8 - https:\/\/yoast.com\/wordpress\/plugins\/seo\/ -->\n<title>The Suite - Chambres d&#039;h\u00f4tes en Corse<\/title>\n<meta name=\"description\" content=\"[:fr]la suite est une chambre d&#039;h\u00f4tes pouvant accueillir jusqu\u2019\u00e0 cinq personnes, elle est situ\u00e9 au 2i\u00e8me \u00e9tage de la maison d&#039;h\u00f4tes de Paul Henri Gaucher.[:]\" \/>\n<meta name=\"robots\" content=\"index, follow, max-snippet:-1, max-image-preview:large, max-video-preview:-1\" \/>\n<link rel=\"canonical\" href=\"https:\/\/chambresencorse.com\/la-suite\/\" \/>\n<meta property=\"og:locale\" content=\"en_US\" \/>\n<meta property=\"og:type\" content=\"article\" \/>\n<meta property=\"og:title\" content=\"[:fr]la Suite[:en]The Suite[:] - Chambres d&#039;h\u00f4tes en Corse\" \/>\n<meta property=\"og:description\" content=\"[:fr]la suite est une chambre d&#039;h\u00f4tes pouvant accueillir jusqu\u2019\u00e0 cinq personnes, elle est situ\u00e9 au 2i\u00e8me \u00e9tage de la maison d&#039;h\u00f4tes de Paul Henri Gaucher.[:]\" \/>\n<meta property=\"og:url\" content=\"https:\/\/chambresencorse.com\/la-suite\/\" \/>\n<meta property=\"og:site_name\" content=\"Chambres d&#039;h\u00f4tes en Corse\" \/>\n<meta property=\"article:modified_time\" content=\"2026-01-11T14:24:11+00:00\" \/>\n<meta property=\"og:image\" content=\"https:\/\/i2.wp.com\/chambresencorse.com\/wp-content\/uploads\/2015\/07\/salon1.jpg?w=556&#038;h=417&#038;ssl=1\" \/>\n<meta name=\"twitter:card\" content=\"summary\" \/>\n<meta name=\"twitter:label1\" content=\"Est. reading time\">\n\t<meta name=\"twitter:data1\" content=\"1 minute\">\n<script type=\"application\/ld+json\" class=\"yoast-schema-graph\">{\"@context\":\"https:\/\/schema.org\",\"@graph\":[{\"@type\":\"WebSite\",\"@id\":\"https:\/\/chambresencorse.com\/#website\",\"url\":\"https:\/\/chambresencorse.com\/\",\"name\":\"Chambres d&#039;h\\u00f4tes en Corse\",\"description\":\"Decouvrez Vallecalle\",\"potentialAction\":[{\"@type\":\"SearchAction\",\"target\":\"https:\/\/chambresencorse.com\/?s={search_term_string}\",\"query-input\":\"required name=search_term_string\"}],\"inLanguage\":\"en-US\"},{\"@type\":\"ImageObject\",\"@id\":\"https:\/\/chambresencorse.com\/la-suite\/#primaryimage\",\"inLanguage\":\"en-US\",\"url\":\"https:\/\/i0.wp.com\/chambresencorse.com\/wp-content\/uploads\/2015\/07\/plan-2i\\u00e8me-\\u00e9tage.png?fit=618%2C389&ssl=1\",\"width\":618,\"height\":389},{\"@type\":\"WebPage\",\"@id\":\"https:\/\/chambresencorse.com\/la-suite\/#webpage\",\"url\":\"https:\/\/chambresencorse.com\/la-suite\/\",\"name\":\"[:fr]la Suite[:en]The Suite[:] - Chambres d&#039;h\\u00f4tes en Corse\",\"isPartOf\":{\"@id\":\"https:\/\/chambresencorse.com\/#website\"},\"primaryImageOfPage\":{\"@id\":\"https:\/\/chambresencorse.com\/la-suite\/#primaryimage\"},\"datePublished\":\"2015-07-25T14:53:59+00:00\",\"dateModified\":\"2026-01-11T14:24:11+00:00\",\"description\":\"[:fr]la suite est une chambre d'h\\u00f4tes pouvant accueillir jusqu\\u2019\\u00e0 cinq personnes, elle est situ\\u00e9 au 2i\\u00e8me \\u00e9tage de la maison d'h\\u00f4tes de Paul Henri Gaucher.[:]\",\"breadcrumb\":{\"@id\":\"https:\/\/chambresencorse.com\/la-suite\/#breadcrumb\"},\"inLanguage\":\"en-US\",\"potentialAction\":[{\"@type\":\"ReadAction\",\"target\":[\"https:\/\/chambresencorse.com\/la-suite\/\"]}]},{\"@type\":\"BreadcrumbList\",\"@id\":\"https:\/\/chambresencorse.com\/la-suite\/#breadcrumb\",\"itemListElement\":[{\"@type\":\"ListItem\",\"position\":1,\"item\":{\"@type\":\"WebPage\",\"@id\":\"https:\/\/chambresencorse.com\/\",\"url\":\"https:\/\/chambresencorse.com\/\",\"name\":\"Accueil\"}},{\"@type\":\"ListItem\",\"position\":2,\"item\":{\"@type\":\"WebPage\",\"@id\":\"https:\/\/chambresencorse.com\/la-suite\/\",\"url\":\"https:\/\/chambresencorse.com\/la-suite\/\",\"name\":\"la Suite\"}}]}]}<\/script>\n<!-- \/ Yoast SEO plugin. -->","jetpack_sharing_enabled":true,"jetpack_shortlink":"https:\/\/wp.me\/P6vFkN-21","_links":{"self":[{"href":"https:\/\/chambresencorse.com\/en\/wp-json\/wp\/v2\/pages\/125"}],"collection":[{"href":"https:\/\/chambresencorse.com\/en\/wp-json\/wp\/v2\/pages"}],"about":[{"href":"https:\/\/chambresencorse.com\/en\/wp-json\/wp\/v2\/types\/page"}],"author":[{"embeddable":true,"href":"https:\/\/chambresencorse.com\/en\/wp-json\/wp\/v2\/users\/2"}],"replies":[{"embeddable":true,"href":"https:\/\/chambresencorse.com\/en\/wp-json\/wp\/v2\/comments?post=125"}],"version-history":[{"count":11,"href":"https:\/\/chambresencorse.com\/en\/wp-json\/wp\/v2\/pages\/125\/revisions"}],"predecessor-version":[{"id":510,"href":"https:\/\/chambresencorse.com\/en\/wp-json\/wp\/v2\/pages\/125\/revisions\/510"}],"wp:attachment":[{"href":"https:\/\/chambresencorse.com\/en\/wp-json\/wp\/v2\/media?parent=125"}],"curies":[{"name":"wp","href":"https:\/\/api.w.org\/{rel}","templated":true}]}}