{"id":122,"date":"2015-07-25T15:31:32","date_gmt":"2015-07-25T14:31:32","guid":{"rendered":"http:\/\/chambresencorse.com\/?page_id=122"},"modified":"2026-01-11T15:23:20","modified_gmt":"2026-01-11T14:23:20","slug":"la-chambre-nebbiu","status":"publish","type":"page","link":"https:\/\/chambresencorse.com\/en\/la-chambre-nebbiu\/","title":{"rendered":"The Bedroom Nebbiu"},"content":{"rendered":"<strong>For 1 to 4 persons<\/strong><\/p>\n<table width=\"100%\">\n<tbody>\n<tr>\n<td width=\"42\"><\/td>\n<td width=\"100%\">one bed for two persons, two indivuals beds, private bathroom and WC<\/td>\n<\/tr>\n<\/tbody>\n<\/table>\n<table>\n<tbody>\n<tr>\n<td>1 pers.<\/td>\n<td>2 pers.<\/td>\n<td>3 pers.<\/td>\n<td>4 pers<\/td>\n<\/tr>\n<tr>\n<td><strong>70 euros<\/strong><\/td>\n<td><strong>82 euros<\/strong><\/td>\n<td><strong>100 euros<\/strong><\/td>\n<td><strong>120 euros<\/strong><\/td>\n<\/tr>\n<\/tbody>\n<\/table>\n<div id=\"attachment_63\" style=\"width: 810px\" class=\"wp-caption aligncenter\"><a href=\"https:\/\/i2.wp.com\/chambresencorse.com\/wp-content\/uploads\/2015\/07\/chambre_nebbiu.jpg?ssl=1\"><img aria-describedby=\"caption-attachment-63\" loading=\"lazy\" class=\"wp-image-63 size-full\" src=\"https:\/\/i2.wp.com\/chambresencorse.com\/wp-content\/uploads\/2015\/07\/chambre_nebbiu.jpg?resize=800%2C600&#038;ssl=1\" alt=\"\" width=\"800\" height=\"600\" srcset=\"https:\/\/i2.wp.com\/chambresencorse.com\/wp-content\/uploads\/2015\/07\/chambre_nebbiu.jpg?w=800&amp;ssl=1 800w, https:\/\/i2.wp.com\/chambresencorse.com\/wp-content\/uploads\/2015\/07\/chambre_nebbiu.jpg?resize=300%2C225&amp;ssl=1 300w\" sizes=\"(max-width: 800px) 100vw, 800px\" data-recalc-dims=\"1\" \/><\/a><p id=\"caption-attachment-63\" class=\"wp-caption-text\">The bedroom Nebbiu<\/p><\/div>\n<p><a href=\"https:\/\/i0.wp.com\/chambresencorse.com\/wp-content\/uploads\/2015\/07\/plan-2i\u00e8me-\u00e9tage.png?ssl=1\" rel=\"attachment wp-att-240\"><img loading=\"lazy\" class=\"wp-image-240 aligncenter\" src=\"https:\/\/i0.wp.com\/chambresencorse.com\/wp-content\/uploads\/2015\/07\/plan-2i\u00e8me-\u00e9tage.png?resize=749%2C472&#038;ssl=1\" alt=\"plan 2i\u00e8me \u00e9tage\" width=\"749\" height=\"472\" srcset=\"https:\/\/i0.wp.com\/chambresencorse.com\/wp-content\/uploads\/2015\/07\/plan-2i\u00e8me-\u00e9tage.png?resize=300%2C189&amp;ssl=1 300w, https:\/\/i0.wp.com\/chambresencorse.com\/wp-content\/uploads\/2015\/07\/plan-2i\u00e8me-\u00e9tage.png?w=618&amp;ssl=1 618w\" sizes=\"(max-width: 749px) 100vw, 749px\" data-recalc-dims=\"1\" \/><\/a>","protected":false},"excerpt":{"rendered":"<p>For 1 to 4 persons one bed for two persons, two indivuals beds, private bathroom and WC 1 pers. 2 pers. 3 pers. 4 pers 70 euros 82 euros 100 euros 120 euros<\/p>\n","protected":false},"author":2,"featured_media":0,"parent":0,"menu_order":0,"comment_status":"closed","ping_status":"open","template":"","meta":{"spay_email":""},"yoast_head":"<!-- This site is optimized with the Yoast SEO plugin v15.8 - https:\/\/yoast.com\/wordpress\/plugins\/seo\/ -->\n<title>The Bedroom Nebbiu - Chambres d&#039;h\u00f4tes en Corse<\/title>\n<meta name=\"description\" content=\"[:fr]Chambre d&#039;h\u00f4tes Nebbiu pour deux \u00e0 quatre personnes situ\u00e9 au 2i\u00e8me \u00e9tage de la maison d&#039;h\u00f4tes de Paul Henri gaucher \u00e0 Vallecalle pr\u00e8s de St Florent.[:]\" \/>\n<meta name=\"robots\" content=\"index, follow, max-snippet:-1, max-image-preview:large, max-video-preview:-1\" \/>\n<link rel=\"canonical\" href=\"https:\/\/chambresencorse.com\/la-chambre-nebbiu\/\" \/>\n<meta property=\"og:locale\" content=\"en_US\" \/>\n<meta property=\"og:type\" content=\"article\" \/>\n<meta property=\"og:title\" content=\"[:fr]la chambre Nebbiu[:en]The Bedroom Nebbiu[:] - Chambres d&#039;h\u00f4tes en Corse\" \/>\n<meta property=\"og:description\" content=\"[:fr]Chambre d&#039;h\u00f4tes Nebbiu pour deux \u00e0 quatre personnes situ\u00e9 au 2i\u00e8me \u00e9tage de la maison d&#039;h\u00f4tes de Paul Henri gaucher \u00e0 Vallecalle pr\u00e8s de St Florent.[:]\" \/>\n<meta property=\"og:url\" content=\"https:\/\/chambresencorse.com\/la-chambre-nebbiu\/\" \/>\n<meta property=\"og:site_name\" content=\"Chambres d&#039;h\u00f4tes en Corse\" \/>\n<meta property=\"article:modified_time\" content=\"2026-01-11T14:23:20+00:00\" \/>\n<meta property=\"og:image\" content=\"https:\/\/chambresencorse.com\/wp-content\/uploads\/2015\/07\/chambre_nebbiu.jpg\" \/>\n<meta name=\"twitter:card\" content=\"summary\" \/>\n<meta name=\"twitter:label1\" content=\"Est. reading time\">\n\t<meta name=\"twitter:data1\" content=\"1 minute\">\n<script type=\"application\/ld+json\" class=\"yoast-schema-graph\">{\"@context\":\"https:\/\/schema.org\",\"@graph\":[{\"@type\":\"WebSite\",\"@id\":\"https:\/\/chambresencorse.com\/#website\",\"url\":\"https:\/\/chambresencorse.com\/\",\"name\":\"Chambres d&#039;h\\u00f4tes en Corse\",\"description\":\"Decouvrez Vallecalle\",\"potentialAction\":[{\"@type\":\"SearchAction\",\"target\":\"https:\/\/chambresencorse.com\/?s={search_term_string}\",\"query-input\":\"required name=search_term_string\"}],\"inLanguage\":\"en-US\"},{\"@type\":\"ImageObject\",\"@id\":\"https:\/\/chambresencorse.com\/la-chambre-nebbiu\/#primaryimage\",\"inLanguage\":\"en-US\",\"url\":\"https:\/\/i2.wp.com\/chambresencorse.com\/wp-content\/uploads\/2015\/07\/chambre_nebbiu.jpg?fit=800%2C600&ssl=1\",\"width\":800,\"height\":600,\"caption\":\"la chambre Nebbiu\"},{\"@type\":\"WebPage\",\"@id\":\"https:\/\/chambresencorse.com\/la-chambre-nebbiu\/#webpage\",\"url\":\"https:\/\/chambresencorse.com\/la-chambre-nebbiu\/\",\"name\":\"[:fr]la chambre Nebbiu[:en]The Bedroom Nebbiu[:] - Chambres d&#039;h\\u00f4tes en Corse\",\"isPartOf\":{\"@id\":\"https:\/\/chambresencorse.com\/#website\"},\"primaryImageOfPage\":{\"@id\":\"https:\/\/chambresencorse.com\/la-chambre-nebbiu\/#primaryimage\"},\"datePublished\":\"2015-07-25T14:31:32+00:00\",\"dateModified\":\"2026-01-11T14:23:20+00:00\",\"description\":\"[:fr]Chambre d'h\\u00f4tes Nebbiu pour deux \\u00e0 quatre personnes situ\\u00e9 au 2i\\u00e8me \\u00e9tage de la maison d'h\\u00f4tes de Paul Henri gaucher \\u00e0 Vallecalle pr\\u00e8s de St Florent.[:]\",\"breadcrumb\":{\"@id\":\"https:\/\/chambresencorse.com\/la-chambre-nebbiu\/#breadcrumb\"},\"inLanguage\":\"en-US\",\"potentialAction\":[{\"@type\":\"ReadAction\",\"target\":[\"https:\/\/chambresencorse.com\/la-chambre-nebbiu\/\"]}]},{\"@type\":\"BreadcrumbList\",\"@id\":\"https:\/\/chambresencorse.com\/la-chambre-nebbiu\/#breadcrumb\",\"itemListElement\":[{\"@type\":\"ListItem\",\"position\":1,\"item\":{\"@type\":\"WebPage\",\"@id\":\"https:\/\/chambresencorse.com\/\",\"url\":\"https:\/\/chambresencorse.com\/\",\"name\":\"Accueil\"}},{\"@type\":\"ListItem\",\"position\":2,\"item\":{\"@type\":\"WebPage\",\"@id\":\"https:\/\/chambresencorse.com\/la-chambre-nebbiu\/\",\"url\":\"https:\/\/chambresencorse.com\/la-chambre-nebbiu\/\",\"name\":\"la chambre Nebbiu\"}}]}]}<\/script>\n<!-- \/ Yoast SEO plugin. -->","jetpack_sharing_enabled":true,"jetpack_shortlink":"https:\/\/wp.me\/P6vFkN-1Y","_links":{"self":[{"href":"https:\/\/chambresencorse.com\/en\/wp-json\/wp\/v2\/pages\/122"}],"collection":[{"href":"https:\/\/chambresencorse.com\/en\/wp-json\/wp\/v2\/pages"}],"about":[{"href":"https:\/\/chambresencorse.com\/en\/wp-json\/wp\/v2\/types\/page"}],"author":[{"embeddable":true,"href":"https:\/\/chambresencorse.com\/en\/wp-json\/wp\/v2\/users\/2"}],"replies":[{"embeddable":true,"href":"https:\/\/chambresencorse.com\/en\/wp-json\/wp\/v2\/comments?post=122"}],"version-history":[{"count":11,"href":"https:\/\/chambresencorse.com\/en\/wp-json\/wp\/v2\/pages\/122\/revisions"}],"predecessor-version":[{"id":508,"href":"https:\/\/chambresencorse.com\/en\/wp-json\/wp\/v2\/pages\/122\/revisions\/508"}],"wp:attachment":[{"href":"https:\/\/chambresencorse.com\/en\/wp-json\/wp\/v2\/media?parent=122"}],"curies":[{"name":"wp","href":"https:\/\/api.w.org\/{rel}","templated":true}]}}