{"id":118,"date":"2015-07-25T15:24:45","date_gmt":"2015-07-25T14:24:45","guid":{"rendered":"http:\/\/chambresencorse.com\/?page_id=118"},"modified":"2026-01-11T15:22:25","modified_gmt":"2026-01-11T14:22:25","slug":"la-chambre-vallecalle","status":"publish","type":"page","link":"https:\/\/chambresencorse.com\/en\/la-chambre-vallecalle\/","title":{"rendered":"the bedroom Vallecalle"},"content":{"rendered":"<strong>For 1 ou 2 persons<\/strong><\/p>\n<table width=\"100%\">\n<tbody>\n<tr>\n<td width=\"42\"><\/td>\n<td width=\"100%\"><em>one big bed (160cmx200), private bathroom and WC<\/em><\/p>\n<table style=\"width: 100%; height: 60px;\" width=\"668\">\n<tbody>\n<tr style=\"height: 26px;\">\n<td style=\"height: 26px;\" width=\"100%\">2 personnes : <strong>75 euros<\/strong><\/td>\n<\/tr>\n<tr style=\"height: 34px;\">\n<td style=\"height: 34px;\" width=\"100%\">1 personne\u00a0 : <strong>65 euros<\/strong><\/td>\n<\/tr>\n<\/tbody>\n<\/table>\n<\/td>\n<\/tr>\n<\/tbody>\n<\/table>\n<div id=\"attachment_109\" style=\"width: 810px\" class=\"wp-caption aligncenter\"><a href=\"https:\/\/i2.wp.com\/chambresencorse.com\/wp-content\/uploads\/2015\/07\/chambre_vallecalle1.jpg?ssl=1\"><img aria-describedby=\"caption-attachment-109\" loading=\"lazy\" class=\"wp-image-109 size-full\" src=\"https:\/\/i2.wp.com\/chambresencorse.com\/wp-content\/uploads\/2015\/07\/chambre_vallecalle1.jpg?resize=800%2C600&#038;ssl=1\" alt=\"\" width=\"800\" height=\"600\" srcset=\"https:\/\/i2.wp.com\/chambresencorse.com\/wp-content\/uploads\/2015\/07\/chambre_vallecalle1.jpg?w=800&amp;ssl=1 800w, https:\/\/i2.wp.com\/chambresencorse.com\/wp-content\/uploads\/2015\/07\/chambre_vallecalle1.jpg?resize=300%2C225&amp;ssl=1 300w\" sizes=\"(max-width: 800px) 100vw, 800px\" data-recalc-dims=\"1\" \/><\/a><p id=\"caption-attachment-109\" class=\"wp-caption-text\">the bedroom Vallecalle<\/p><\/div>\n<p><a href=\"https:\/\/i2.wp.com\/chambresencorse.com\/wp-content\/uploads\/2015\/07\/Plan-du-1er-\u00e9tage.png?ssl=1\" rel=\"attachment wp-att-243\"><img loading=\"lazy\" class=\"wp-image-243 aligncenter\" src=\"https:\/\/i2.wp.com\/chambresencorse.com\/wp-content\/uploads\/2015\/07\/Plan-du-1er-\u00e9tage.png?resize=633%2C443&#038;ssl=1\" alt=\"Plan du 1er \u00e9tage\" width=\"633\" height=\"443\" srcset=\"https:\/\/i2.wp.com\/chambresencorse.com\/wp-content\/uploads\/2015\/07\/Plan-du-1er-\u00e9tage.png?resize=300%2C210&amp;ssl=1 300w, https:\/\/i2.wp.com\/chambresencorse.com\/wp-content\/uploads\/2015\/07\/Plan-du-1er-\u00e9tage.png?w=592&amp;ssl=1 592w\" sizes=\"(max-width: 633px) 100vw, 633px\" data-recalc-dims=\"1\" \/><\/a>","protected":false},"excerpt":{"rendered":"<p>For 1 ou 2 persons one big bed (160cmx200), private bathroom and WC 2 personnes : 75 euros 1 personne\u00a0 : 65 euros<\/p>\n","protected":false},"author":2,"featured_media":0,"parent":0,"menu_order":0,"comment_status":"closed","ping_status":"open","template":"","meta":{"spay_email":""},"yoast_head":"<!-- This site is optimized with the Yoast SEO plugin v15.8 - https:\/\/yoast.com\/wordpress\/plugins\/seo\/ -->\n<title>the bedroom Vallecalle - Chambres d&#039;h\u00f4tes en Corse<\/title>\n<meta name=\"description\" content=\"[:fr]La chambre Vallecalle pour deux personnes situ\u00e9e au 1er \u00e9tage de la maison d&#039;h\u00f4tes de Paul Henri Gaucher \u00e0 Vallecalle pr\u00e8s de st Florent et Bastia en Corse.[:]\" \/>\n<meta name=\"robots\" content=\"index, follow, max-snippet:-1, max-image-preview:large, max-video-preview:-1\" \/>\n<link rel=\"canonical\" href=\"https:\/\/chambresencorse.com\/la-chambre-vallecalle\/\" \/>\n<meta property=\"og:locale\" content=\"en_US\" \/>\n<meta property=\"og:type\" content=\"article\" \/>\n<meta property=\"og:title\" content=\"[:fr]La chambre Vallecalle[:en] the bedroom Vallecalle[:] - Chambres d&#039;h\u00f4tes en Corse\" \/>\n<meta property=\"og:description\" content=\"[:fr]La chambre Vallecalle pour deux personnes situ\u00e9e au 1er \u00e9tage de la maison d&#039;h\u00f4tes de Paul Henri Gaucher \u00e0 Vallecalle pr\u00e8s de st Florent et Bastia en Corse.[:]\" \/>\n<meta property=\"og:url\" content=\"https:\/\/chambresencorse.com\/la-chambre-vallecalle\/\" \/>\n<meta property=\"og:site_name\" content=\"Chambres d&#039;h\u00f4tes en Corse\" \/>\n<meta property=\"article:modified_time\" content=\"2026-01-11T14:22:25+00:00\" \/>\n<meta property=\"og:image\" content=\"https:\/\/chambresencorse.com\/wp-content\/uploads\/2015\/07\/chambre_vallecalle1.jpg\" \/>\n<meta name=\"twitter:card\" content=\"summary\" \/>\n<meta name=\"twitter:label1\" content=\"Est. reading time\">\n\t<meta name=\"twitter:data1\" content=\"1 minute\">\n<script type=\"application\/ld+json\" class=\"yoast-schema-graph\">{\"@context\":\"https:\/\/schema.org\",\"@graph\":[{\"@type\":\"WebSite\",\"@id\":\"https:\/\/chambresencorse.com\/#website\",\"url\":\"https:\/\/chambresencorse.com\/\",\"name\":\"Chambres d&#039;h\\u00f4tes en Corse\",\"description\":\"Decouvrez Vallecalle\",\"potentialAction\":[{\"@type\":\"SearchAction\",\"target\":\"https:\/\/chambresencorse.com\/?s={search_term_string}\",\"query-input\":\"required name=search_term_string\"}],\"inLanguage\":\"en-US\"},{\"@type\":\"ImageObject\",\"@id\":\"https:\/\/chambresencorse.com\/la-chambre-vallecalle\/#primaryimage\",\"inLanguage\":\"en-US\",\"url\":\"https:\/\/i2.wp.com\/chambresencorse.com\/wp-content\/uploads\/2015\/07\/chambre_vallecalle1.jpg?fit=800%2C600&ssl=1\",\"width\":800,\"height\":600,\"caption\":\"la chambre Vallecalle\"},{\"@type\":\"WebPage\",\"@id\":\"https:\/\/chambresencorse.com\/la-chambre-vallecalle\/#webpage\",\"url\":\"https:\/\/chambresencorse.com\/la-chambre-vallecalle\/\",\"name\":\"[:fr]La chambre Vallecalle[:en] the bedroom Vallecalle[:] - Chambres d&#039;h\\u00f4tes en Corse\",\"isPartOf\":{\"@id\":\"https:\/\/chambresencorse.com\/#website\"},\"primaryImageOfPage\":{\"@id\":\"https:\/\/chambresencorse.com\/la-chambre-vallecalle\/#primaryimage\"},\"datePublished\":\"2015-07-25T14:24:45+00:00\",\"dateModified\":\"2026-01-11T14:22:25+00:00\",\"description\":\"[:fr]La chambre Vallecalle pour deux personnes situ\\u00e9e au 1er \\u00e9tage de la maison d'h\\u00f4tes de Paul Henri Gaucher \\u00e0 Vallecalle pr\\u00e8s de st Florent et Bastia en Corse.[:]\",\"breadcrumb\":{\"@id\":\"https:\/\/chambresencorse.com\/la-chambre-vallecalle\/#breadcrumb\"},\"inLanguage\":\"en-US\",\"potentialAction\":[{\"@type\":\"ReadAction\",\"target\":[\"https:\/\/chambresencorse.com\/la-chambre-vallecalle\/\"]}]},{\"@type\":\"BreadcrumbList\",\"@id\":\"https:\/\/chambresencorse.com\/la-chambre-vallecalle\/#breadcrumb\",\"itemListElement\":[{\"@type\":\"ListItem\",\"position\":1,\"item\":{\"@type\":\"WebPage\",\"@id\":\"https:\/\/chambresencorse.com\/\",\"url\":\"https:\/\/chambresencorse.com\/\",\"name\":\"Accueil\"}},{\"@type\":\"ListItem\",\"position\":2,\"item\":{\"@type\":\"WebPage\",\"@id\":\"https:\/\/chambresencorse.com\/la-chambre-vallecalle\/\",\"url\":\"https:\/\/chambresencorse.com\/la-chambre-vallecalle\/\",\"name\":\"La chambre Vallecalle\"}}]}]}<\/script>\n<!-- \/ Yoast SEO plugin. -->","jetpack_sharing_enabled":true,"jetpack_shortlink":"https:\/\/wp.me\/P6vFkN-1U","_links":{"self":[{"href":"https:\/\/chambresencorse.com\/en\/wp-json\/wp\/v2\/pages\/118"}],"collection":[{"href":"https:\/\/chambresencorse.com\/en\/wp-json\/wp\/v2\/pages"}],"about":[{"href":"https:\/\/chambresencorse.com\/en\/wp-json\/wp\/v2\/types\/page"}],"author":[{"embeddable":true,"href":"https:\/\/chambresencorse.com\/en\/wp-json\/wp\/v2\/users\/2"}],"replies":[{"embeddable":true,"href":"https:\/\/chambresencorse.com\/en\/wp-json\/wp\/v2\/comments?post=118"}],"version-history":[{"count":10,"href":"https:\/\/chambresencorse.com\/en\/wp-json\/wp\/v2\/pages\/118\/revisions"}],"predecessor-version":[{"id":507,"href":"https:\/\/chambresencorse.com\/en\/wp-json\/wp\/v2\/pages\/118\/revisions\/507"}],"wp:attachment":[{"href":"https:\/\/chambresencorse.com\/en\/wp-json\/wp\/v2\/media?parent=118"}],"curies":[{"name":"wp","href":"https:\/\/api.w.org\/{rel}","templated":true}]}}