{"id":100,"date":"2015-07-25T14:47:55","date_gmt":"2015-07-25T13:47:55","guid":{"rendered":"http:\/\/chambresencorse.com\/?page_id=100"},"modified":"2026-01-11T14:07:01","modified_gmt":"2026-01-11T13:07:01","slug":"contact-acces","status":"publish","type":"page","link":"https:\/\/chambresencorse.com\/en\/contact-acces\/","title":{"rendered":"CONTACT &#8211;  ACCESS"},"content":{"rendered":"<h3>CONTACT:<\/h3>\n<p>Paul-Henri Gaucher, 180 Via Paul Cerani , 20232 Vallecalle<\/p>\n<p>Need more informations ? Have a reservation ? You can mail us by\u00a0\u00a0paulhenrigaucher@gmail.com<\/p>\n<p>You may also phone<\/p>\n<p>Phone :\u00a0 +33 6 63 10 06 30<\/p>\n<h3>G\u00e9ographical informations:<\/h3>\n<p>&nbsp;<\/p>\n<p>Coordonn\u00e9es GPS:\u00a0<a href=\"https:\/\/g.page\/Cicendolle?share\" target=\"_blank\" rel=\"noopener\">42.598540, 9.337800<\/a><\/p>\n<p>Vallecalle is 25 km (16 miles) far from the harbour of Bastia, 21 km (13 miles) from the Poretta and 13 km ( 8 miles) from the railway station of Biguglia. For seabathing either St Florent (westcoast) or Marana\u2019s beaches are at some 15 km (9 miles).<\/p>\n<p><a href=\"https:\/\/i2.wp.com\/chambresencorse.com\/wp-content\/uploads\/2015\/07\/plan-acces.jpg?ssl=1\"><img loading=\"lazy\" class=\"alignnone size-medium wp-image-57\" src=\"https:\/\/i2.wp.com\/chambresencorse.com\/wp-content\/uploads\/2015\/07\/plan-acces.jpg?resize=300%2C277&#038;ssl=1\" alt=\"plan acces\" width=\"300\" height=\"277\" srcset=\"https:\/\/i2.wp.com\/chambresencorse.com\/wp-content\/uploads\/2015\/07\/plan-acces.jpg?resize=300%2C277&amp;ssl=1 300w, https:\/\/i2.wp.com\/chambresencorse.com\/wp-content\/uploads\/2015\/07\/plan-acces.jpg?w=600&amp;ssl=1 600w\" sizes=\"(max-width: 300px) 100vw, 300px\" data-recalc-dims=\"1\" \/><\/a> [<\/p>\n<p>One can readily bathe in the charming Bevinco river. Many seaside or mountainside paths are easily reachable and in Murato a horse riding club offers you to discover the whole region.<\/p>\n<p>One can readily bathe in the charming Bevinco river. Many seaside or mountainside paths are easily reachable and in Murato a horse riding club offers you to discover the whole region.<\/p>\n<p>From Vallecalle a one day trip allows you to visit the Agriates Desert, the pretty villages of the Balagne, the windy Cap Corse, the baroque steeples of the Casinca, the Castagniccia forest and the gorge and massif of the Asco river.<\/p>\n<p>&nbsp;<\/p>\n<pre><strong><a href=\"https:\/\/www.google.fr\/maps\/place\/Vallecalle\/@42.6002935,9.3373315,14z\/data=!3m1!4b1!4m2!3m1!1s0x12d730588fad0653:0x40819a5fd954a00\">Comment se rendre \u00e0 Vallecalle<\/a><\/strong><\/pre>","protected":false},"excerpt":{"rendered":"<p>CONTACT: Paul-Henri Gaucher, 180 Via Paul Cerani , 20232 Vallecalle Need more informations ? Have a reservation ? You can mail us by\u00a0\u00a0paulhenrigaucher@gmail.com You may also phone Phone :\u00a0 +33 6 63 10 06 30 G\u00e9ographical informations: &nbsp; Coordonn\u00e9es GPS:\u00a042.598540,&hellip; <br \/><a class=\"read-more-button\" href=\"https:\/\/chambresencorse.com\/en\/contact-acces\/\">Read more<\/a><\/p>\n","protected":false},"author":2,"featured_media":0,"parent":0,"menu_order":0,"comment_status":"closed","ping_status":"closed","template":"","meta":{"spay_email":""},"yoast_head":"<!-- This site is optimized with the Yoast SEO plugin v15.8 - https:\/\/yoast.com\/wordpress\/plugins\/seo\/ -->\n<title>CONTACT - ACCESS - Chambres d&#039;h\u00f4tes en Corse<\/title>\n<meta name=\"description\" content=\"[:fr]contact et acc\u00e8s de la maison d&#039;h\u00f4tes de Paul Henri Gaucher \u00e0 Vallecalle. maison d&#039;h\u00f4tes &quot;Cicendolle&quot; Village 20232 Vallecalle. contact: Paul Henri Gaucher[:]\" \/>\n<meta name=\"robots\" content=\"index, follow, max-snippet:-1, max-image-preview:large, max-video-preview:-1\" \/>\n<link rel=\"canonical\" href=\"https:\/\/chambresencorse.com\/contact-acces\/\" \/>\n<meta property=\"og:locale\" content=\"en_US\" \/>\n<meta property=\"og:type\" content=\"article\" \/>\n<meta property=\"og:title\" content=\"[:fr]CONTACT -  ACCES[:en]CONTACT - ACCESS[:] - Chambres d&#039;h\u00f4tes en Corse\" \/>\n<meta property=\"og:description\" content=\"[:fr]contact et acc\u00e8s de la maison d&#039;h\u00f4tes de Paul Henri Gaucher \u00e0 Vallecalle. maison d&#039;h\u00f4tes &quot;Cicendolle&quot; Village 20232 Vallecalle. contact: Paul Henri Gaucher[:]\" \/>\n<meta property=\"og:url\" content=\"https:\/\/chambresencorse.com\/contact-acces\/\" \/>\n<meta property=\"og:site_name\" content=\"Chambres d&#039;h\u00f4tes en Corse\" \/>\n<meta property=\"article:modified_time\" content=\"2026-01-11T13:07:01+00:00\" \/>\n<meta property=\"og:image\" content=\"https:\/\/chambresencorse.com\/wp-content\/uploads\/2015\/07\/plan-acces-300x277.jpg\" \/>\n<meta name=\"twitter:card\" content=\"summary\" \/>\n<meta name=\"twitter:label1\" content=\"Est. reading time\">\n\t<meta name=\"twitter:data1\" content=\"2 minutes\">\n<script type=\"application\/ld+json\" class=\"yoast-schema-graph\">{\"@context\":\"https:\/\/schema.org\",\"@graph\":[{\"@type\":\"WebSite\",\"@id\":\"https:\/\/chambresencorse.com\/#website\",\"url\":\"https:\/\/chambresencorse.com\/\",\"name\":\"Chambres d&#039;h\\u00f4tes en Corse\",\"description\":\"Decouvrez Vallecalle\",\"potentialAction\":[{\"@type\":\"SearchAction\",\"target\":\"https:\/\/chambresencorse.com\/?s={search_term_string}\",\"query-input\":\"required name=search_term_string\"}],\"inLanguage\":\"en-US\"},{\"@type\":\"ImageObject\",\"@id\":\"https:\/\/chambresencorse.com\/contact-acces\/#primaryimage\",\"inLanguage\":\"en-US\",\"url\":\"https:\/\/i2.wp.com\/chambresencorse.com\/wp-content\/uploads\/2015\/07\/plan-acces.jpg?fit=600%2C554&ssl=1\",\"width\":600,\"height\":554,\"caption\":\"plan d\\u2019acc\\u00e8s au village de Vallecalle\"},{\"@type\":\"WebPage\",\"@id\":\"https:\/\/chambresencorse.com\/contact-acces\/#webpage\",\"url\":\"https:\/\/chambresencorse.com\/contact-acces\/\",\"name\":\"[:fr]CONTACT - ACCES[:en]CONTACT - ACCESS[:] - Chambres d&#039;h\\u00f4tes en Corse\",\"isPartOf\":{\"@id\":\"https:\/\/chambresencorse.com\/#website\"},\"primaryImageOfPage\":{\"@id\":\"https:\/\/chambresencorse.com\/contact-acces\/#primaryimage\"},\"datePublished\":\"2015-07-25T13:47:55+00:00\",\"dateModified\":\"2026-01-11T13:07:01+00:00\",\"description\":\"[:fr]contact et acc\\u00e8s de la maison d'h\\u00f4tes de Paul Henri Gaucher \\u00e0 Vallecalle. maison d'h\\u00f4tes \\\"Cicendolle\\\" Village 20232 Vallecalle. contact: Paul Henri Gaucher[:]\",\"breadcrumb\":{\"@id\":\"https:\/\/chambresencorse.com\/contact-acces\/#breadcrumb\"},\"inLanguage\":\"en-US\",\"potentialAction\":[{\"@type\":\"ReadAction\",\"target\":[\"https:\/\/chambresencorse.com\/contact-acces\/\"]}]},{\"@type\":\"BreadcrumbList\",\"@id\":\"https:\/\/chambresencorse.com\/contact-acces\/#breadcrumb\",\"itemListElement\":[{\"@type\":\"ListItem\",\"position\":1,\"item\":{\"@type\":\"WebPage\",\"@id\":\"https:\/\/chambresencorse.com\/\",\"url\":\"https:\/\/chambresencorse.com\/\",\"name\":\"Accueil\"}},{\"@type\":\"ListItem\",\"position\":2,\"item\":{\"@type\":\"WebPage\",\"@id\":\"https:\/\/chambresencorse.com\/contact-acces\/\",\"url\":\"https:\/\/chambresencorse.com\/contact-acces\/\",\"name\":\"CONTACT &#8211; ACCES\"}}]}]}<\/script>\n<!-- \/ Yoast SEO plugin. -->","jetpack_sharing_enabled":true,"jetpack_shortlink":"https:\/\/wp.me\/P6vFkN-1C","_links":{"self":[{"href":"https:\/\/chambresencorse.com\/en\/wp-json\/wp\/v2\/pages\/100"}],"collection":[{"href":"https:\/\/chambresencorse.com\/en\/wp-json\/wp\/v2\/pages"}],"about":[{"href":"https:\/\/chambresencorse.com\/en\/wp-json\/wp\/v2\/types\/page"}],"author":[{"embeddable":true,"href":"https:\/\/chambresencorse.com\/en\/wp-json\/wp\/v2\/users\/2"}],"replies":[{"embeddable":true,"href":"https:\/\/chambresencorse.com\/en\/wp-json\/wp\/v2\/comments?post=100"}],"version-history":[{"count":8,"href":"https:\/\/chambresencorse.com\/en\/wp-json\/wp\/v2\/pages\/100\/revisions"}],"predecessor-version":[{"id":495,"href":"https:\/\/chambresencorse.com\/en\/wp-json\/wp\/v2\/pages\/100\/revisions\/495"}],"wp:attachment":[{"href":"https:\/\/chambresencorse.com\/en\/wp-json\/wp\/v2\/media?parent=100"}],"curies":[{"name":"wp","href":"https:\/\/api.w.org\/{rel}","templated":true}]}}